{"id":104,"date":"2023-03-07T14:40:47","date_gmt":"2023-03-07T13:40:47","guid":{"rendered":"https:\/\/iicmessico.esteri.it\/lingua-e-cultura\/biblioteca\/"},"modified":"2024-10-07T16:41:15","modified_gmt":"2024-10-07T14:41:15","slug":"biblioteca","status":"publish","type":"page","link":"https:\/\/iicmessico.esteri.it\/es\/lingua-e-cultura\/biblioteca\/","title":{"rendered":"Biblioteca"},"content":{"rendered":"<p>La biblioteca del Instituto se encuentra temporalmente cerrada al p\u00fablico debido a un cuidadoso trabajo de reacondicionamiento, catalogaci\u00f3n de los libros y actualizaci\u00f3n. Pronto, el Istituto se complacer\u00e1 en poder ofrecer a los numerosos amantes de la cultura italiana una biblioteca completamente renovada, con nuevos servicios y nuevas adquisiciones para vivir y leer la cultura italiana, en un espacio moderno y acogedor situado en la planta baja.<\/p>\n<p><strong>\u00a0<\/strong><\/p>\n<p><strong>UNA BIBLIOTECA PARA\u2026<\/strong><\/p>\n<p><strong><em>Leer y vivir la cultura italiana en el Istituto<\/em><\/strong><\/p>\n<p>En nuestra sala de lectura, con acceso a la red wifi, pronto podr\u00e1n hojear y leer <strong>m\u00e1s de 30.000 textos <\/strong>de teatro, arte, arquitectura, literatura, con las \u00faltimas novedades editoriales que hemos elegido y puesto a disposici\u00f3n para ustedes, los amantes de la cultura italiana. <strong><em>No est\u00e1 permitido el pr\u00e9stamo, pero podr\u00e1n volver todas las veces que quer\u00e1is para seguir leyendo su libro preferido.<\/em><\/strong><\/p>\n<p>&nbsp;<\/p>\n<p><strong><em>Para su b\u00fasquedas<\/em><\/strong><\/p>\n<p>El fondo de la Biblioteca del IIC posee <strong>m\u00e1s de 30.000 vol\u00famenes<\/strong> que incluyen textos de literatura, historia, arquitectura, historia del arte, teatro, cine, fotograf\u00eda, gastronom\u00eda, m\u00fasica, poes\u00eda y libros para los m\u00e1s peque\u00f1os.<\/p>\n<p>El cat\u00e1logo completo est\u00e1 disponible en la direcci\u00f3n <a href=\"https:\/\/iic.infoteca.it\/cittadelmessico\/ricerca\/novita\">BIBLIOWin (infoteca.it)<\/a><\/p>\n<p>Si por alg\u00fan inter\u00e9s en particular quieren consultar alg\u00fan libro en concreto no presente en nuestra Biblioteca, pero <strong>todav\u00eda disponible en el cat\u00e1logo de la editorial<\/strong>, escriban a: <a href=\"mailto:biblioteca.iicmessico@esteri.it\">biblioteca.iicmessico@esteri.it<\/a>. Si es posible atenderemos su petici\u00f3n y compraremos el libro solicitado.<\/p>\n<p><strong>DONACI\u00d3N DE LIBROS<\/strong><\/p>\n<p>\u00a1La biblioteca crece tambi\u00e9n gracias a ustedes! Si cuentan con libros italianos y quieren darles un nuevo hogar para que otros puedan leerlos y consultarlos, cont\u00e1ctanos. La Biblioteca del Instituto acepta donaciones de libros (no escolares), de colecciones y de fondos enteros para enriquecer as\u00ed sus fondos.<\/p>\n<p>\u00a1C\u00f3mo hacerlo es sencillo! Env\u00eda un correo electr\u00f3nico a biblioteca.iicmessico@esteri.it con la lista del material que deseas donar a la biblioteca o una descripci\u00f3n resumida. Recuerda que si realizas una donaci\u00f3n renuncias a todos los derechos sobre el material y a solicitar su devoluci\u00f3n.<\/p>\n<p>Las donaciones se utilizan en gran medida para aumentar el patrimonio de la biblioteca, mientras que el material que ya se posee o se considera no pertinente a las colecciones ya presentes se destina a otras bibliotecas, instituciones y asociaciones, tambi\u00e9n para fines \u00fatiles y uso p\u00fablico.<\/p>\n<p>Hay una cosa que siempre falta en una biblioteca: espacio. La biblioteca tiene la m\u00e1xima discreci\u00f3n a la hora de definir los m\u00e9todos de gesti\u00f3n y conservaci\u00f3n del material donado; los documentos recibidos podr\u00e1n ser objeto de rechazo si ya no responden a necesidades de circulaci\u00f3n o conservaci\u00f3n.<\/p>\n<p>&nbsp;<\/p>\n<p><strong>HORARIOS DE APERTURA DE LA SALA DE LECTURA<\/strong><\/p>\n<p>Hasta nuevo aviso, la sala de lectura se encuentra temporalmente cerrada por trabajos de reacondicionamiento.<\/p>\n<p>La capacidad m\u00e1xima de las salas de lectura es de 10 personas.<\/p>\n<p><strong><em>Se recomienda consultar siempre nuestra web para confirmar posibles modificaciones en los d\u00edas\/horarios de apertura.<\/em><\/strong><\/p>\n<p>&nbsp;<\/p>\n","protected":false},"excerpt":{"rendered":"La biblioteca del Instituto se encuentra temporalmente cerrada al p\u00fablico debido a un cuidadoso trabajo de reacondicionamiento, catalogaci\u00f3n de los libros y actualizaci\u00f3n. Pronto, el Istituto se complacer\u00e1 en poder ofrecer a los numerosos amantes de la cultura italiana una biblioteca completamente renovada, con nuevos servicios y nuevas adquisiciones para vivir y leer la cultura [&hellip;]","protected":false},"author":3,"featured_media":0,"parent":61,"menu_order":10,"comment_status":"closed","ping_status":"closed","template":"","meta":{"footnotes":""},"class_list":["post-104","page","type-page","status-publish","hentry"],"_links":{"self":[{"href":"https:\/\/iicmessico.esteri.it\/es\/wp-json\/wp\/v2\/pages\/104","targetHints":{"allow":["GET"]}}],"collection":[{"href":"https:\/\/iicmessico.esteri.it\/es\/wp-json\/wp\/v2\/pages"}],"about":[{"href":"https:\/\/iicmessico.esteri.it\/es\/wp-json\/wp\/v2\/types\/page"}],"author":[{"embeddable":true,"href":"https:\/\/iicmessico.esteri.it\/es\/wp-json\/wp\/v2\/users\/3"}],"replies":[{"embeddable":true,"href":"https:\/\/iicmessico.esteri.it\/es\/wp-json\/wp\/v2\/comments?post=104"}],"version-history":[{"count":7,"href":"https:\/\/iicmessico.esteri.it\/es\/wp-json\/wp\/v2\/pages\/104\/revisions"}],"predecessor-version":[{"id":4143,"href":"https:\/\/iicmessico.esteri.it\/es\/wp-json\/wp\/v2\/pages\/104\/revisions\/4143"}],"up":[{"embeddable":true,"href":"https:\/\/iicmessico.esteri.it\/es\/wp-json\/wp\/v2\/pages\/61"}],"wp:attachment":[{"href":"https:\/\/iicmessico.esteri.it\/es\/wp-json\/wp\/v2\/media?parent=104"}],"curies":[{"name":"wp","href":"https:\/\/api.w.org\/{rel}","templated":true}]}}