{"id":113,"date":"2023-03-07T14:39:52","date_gmt":"2023-03-07T13:39:52","guid":{"rendered":"https:\/\/iicmessico.esteri.it\/lingua-e-cultura\/i-corsi-di-lingua\/"},"modified":"2023-03-07T15:14:34","modified_gmt":"2023-03-07T14:14:34","slug":"i-corsi-di-lingua","status":"publish","type":"page","link":"https:\/\/iicmessico.esteri.it\/es\/lingua-e-cultura\/i-corsi-di-lingua\/","title":{"rendered":"Cursos de idioma"},"content":{"rendered":"<p>\u00bfPor qu\u00e9 estudiar Italiano en el Instituto Italiano de Cultura de Ciudad de M\u00e9xico?<\/p>\n<p>Nuestros\u00a0<strong>profesores, todos de lengua madre<\/strong>, gracias a una consolidada experiencia y la continua formaci\u00f3n en las\u00a0<strong>metodolog\u00edas did\u00e1cticas m\u00e1s avanzadas<\/strong>, garantizan, en forma eficaz, un r\u00e1pido progreso en el proceso de aprendizaje.<\/p>\n<p>El m\u00e9todo de ense\u00f1anza de la escuela se basa en un\u00a0<strong>enfoque comunicativo-funcional<\/strong>, gracias al cual los estudiantes pueden practicar las cuatro habilidades fundamentales de la lengua: escuchar, hablar, leer y escribir. Se pone particular atenci\u00f3n en contextualizar las reglas gramaticales que permiten al estudiante desarrollar, desde el principio, la capacidad para expresarse correctamente. Al final de cada curso todos los participantes deben aprobar un examen para ser admitidos en el siguiente nivel.<\/p>\n<p>Los alumnos eligen el Instituto Italiano de Cultura de Ciudad de M\u00e9xico porque:<\/p>\n<ul>\n<li>Estudiar italiano en el IIC de Ciudad de M\u00e9xico significa aprender un idioma a trav\u00e9s de una variada y\u00a0<strong>amplia oferta de cursos<\/strong>\u00a0que van desde el nivel elemental hasta el nivel avanzado;<\/li>\n<li>Los estudiantes encuentran un ambiente din\u00e1mico y culturalmente estimulante;<br \/>\nLos cursos se desarrollan en\u00a0<strong>siete niveles<\/strong>\u00a0para un total de 600 horas de clase. Al final de los niveles A2, B2 y C2 los estudiantes, despu\u00e9s de haber aprobado el correspondiente examen, obtienen las relativascertificaciones por parte del Instituto;<\/li>\n<li>El IIC de Ciudad de M\u00e9xico es la \u00fanica instituci\u00f3n en el pa\u00eds que organiza los examenes para otorgar la\u00a0<strong>certificaci\u00f3n CILS<\/strong>\u00a0de la\u00a0<em>Universit\u00e0 per Stranieri di Siena<\/em>, y entre otros el\u00a0<strong>CELI\u00a0<\/strong>de la\u00a0<em>Universit\u00e0 per Stranieri di Perugia\u00a0<\/em>\u00a0reconocidas internacionalmente, atestante del conocimiento del idioma italiano como idioma extranjero;<\/li>\n<li>Los alumnos pueden disfrutar variadas\u00a0<strong>becas<\/strong>\u00a0para estudiar, profundizar y fortalecer el idioma, directamente en Italia;<\/li>\n<li>Los estudiantes del IIC de Ciudad de M\u00e9xico tienen la posibilidad de recibir informaci\u00f3n e invitaciones relacionadas con los\u00a0<strong>eventos culturales<\/strong>\u00a0organizados por el Instituto;<\/li>\n<li>El Instituto ofrece\u00a0<strong>cursos\u00a0 de cultura<\/strong>\u00a0como: conversaci\u00f3n, traducci\u00f3n, lat\u00edn, historia de arte, literatura, cine, etc. Los alumnos inscritos a los cursos de idioma tienen un descuento del 50% en estos cursos. Aplican restricciones.<\/li>\n<li><strong><a href=\"https:\/\/iicmessico.mx\/\">Inscribete aqu\u00ed a los cursos<\/a>\u00a0<\/strong>organizados por el Instituto Italiano de Cultura de\u00a0Ciudad de M\u00e9xico.<\/li>\n<\/ul>\n","protected":false},"excerpt":{"rendered":"\u00bfPor qu\u00e9 estudiar Italiano en el Instituto Italiano de Cultura de Ciudad de M\u00e9xico? Nuestros\u00a0profesores, todos de lengua madre, gracias a una consolidada experiencia y la continua formaci\u00f3n en las\u00a0metodolog\u00edas did\u00e1cticas m\u00e1s avanzadas, garantizan, en forma eficaz, un r\u00e1pido progreso en el proceso de aprendizaje. El m\u00e9todo de ense\u00f1anza de la escuela se basa en [&hellip;]","protected":false},"author":3,"featured_media":0,"parent":61,"menu_order":0,"comment_status":"closed","ping_status":"closed","template":"","meta":{"footnotes":""},"class_list":["post-113","page","type-page","status-publish","hentry"],"_links":{"self":[{"href":"https:\/\/iicmessico.esteri.it\/es\/wp-json\/wp\/v2\/pages\/113","targetHints":{"allow":["GET"]}}],"collection":[{"href":"https:\/\/iicmessico.esteri.it\/es\/wp-json\/wp\/v2\/pages"}],"about":[{"href":"https:\/\/iicmessico.esteri.it\/es\/wp-json\/wp\/v2\/types\/page"}],"author":[{"embeddable":true,"href":"https:\/\/iicmessico.esteri.it\/es\/wp-json\/wp\/v2\/users\/3"}],"replies":[{"embeddable":true,"href":"https:\/\/iicmessico.esteri.it\/es\/wp-json\/wp\/v2\/comments?post=113"}],"version-history":[{"count":1,"href":"https:\/\/iicmessico.esteri.it\/es\/wp-json\/wp\/v2\/pages\/113\/revisions"}],"predecessor-version":[{"id":114,"href":"https:\/\/iicmessico.esteri.it\/es\/wp-json\/wp\/v2\/pages\/113\/revisions\/114"}],"up":[{"embeddable":true,"href":"https:\/\/iicmessico.esteri.it\/es\/wp-json\/wp\/v2\/pages\/61"}],"wp:attachment":[{"href":"https:\/\/iicmessico.esteri.it\/es\/wp-json\/wp\/v2\/media?parent=113"}],"curies":[{"name":"wp","href":"https:\/\/api.w.org\/{rel}","templated":true}]}}