{"id":117,"date":"2023-03-07T14:40:09","date_gmt":"2023-03-07T13:40:09","guid":{"rendered":"https:\/\/iicmessico.esteri.it\/lingua-e-cultura\/borse-di-studio\/"},"modified":"2026-05-13T19:46:41","modified_gmt":"2026-05-13T17:46:41","slug":"borse-di-studio","status":"publish","type":"page","link":"https:\/\/iicmessico.esteri.it\/es\/lingua-e-cultura\/borse-di-studio\/","title":{"rendered":"Becas de estudio"},"content":{"rendered":"<p>El Ministerio de Asuntos Exteriores y Cooperaci\u00f3n Internacional ofrece anualmente becas para <strong>estudiantes universitarios <\/strong>de muchos pa\u00edses del mundo, y son muchas las universidades italianas que conceden becas a sus estudiantes, tanto italianos como extranjeros.<\/p>\n<p>En los siguientes links encontraras toda la informaci\u00f3n:<\/p>\n<p>&nbsp;<\/p>\n<p>Para m\u00e1s informaci\u00f3n, visite <a href=\"https:\/\/www.esteri.it\/it\/servizi-opportunita\/opportunita\/\">Opportunit\u00e0 di studio e di lavoro \u2013 Ministero degli Affari Esteri e della Cooperazione Internazionale<\/a><\/p>\n<header class=\"entry-header\">\n<h1><\/h1>\n<h3 class=\"entry-title h3\">Borse di Studio offerte dalle Universit\u00e0<\/h3>\n<\/header>\n<div class=\"entry-content\">\n<p>Le offerte riportate in questa sezione del sito provengono dalle universit\u00e0 e non sono gestite dal Ministero degli Affari Esteri e della Cooperazione Internazionale.<\/p>\n<p><a href=\"https:\/\/businessschool.luiss.it\/mba\/\" data-focus-mouse=\"false\">Full-time MBA (Luiss Business School)<\/a><\/p>\n<\/div>\n","protected":false},"excerpt":{"rendered":"El Ministerio de Asuntos Exteriores y Cooperaci\u00f3n Internacional ofrece anualmente becas para estudiantes universitarios de muchos pa\u00edses del mundo, y son muchas las universidades italianas que conceden becas a sus estudiantes, tanto italianos como extranjeros. En los siguientes links encontraras toda la informaci\u00f3n: &nbsp; Para m\u00e1s informaci\u00f3n, visite Opportunit\u00e0 di studio e di lavoro \u2013 [&hellip;]","protected":false},"author":3,"featured_media":0,"parent":61,"menu_order":2,"comment_status":"closed","ping_status":"closed","template":"","meta":{"footnotes":""},"class_list":["post-117","page","type-page","status-publish","hentry"],"_links":{"self":[{"href":"https:\/\/iicmessico.esteri.it\/es\/wp-json\/wp\/v2\/pages\/117","targetHints":{"allow":["GET"]}}],"collection":[{"href":"https:\/\/iicmessico.esteri.it\/es\/wp-json\/wp\/v2\/pages"}],"about":[{"href":"https:\/\/iicmessico.esteri.it\/es\/wp-json\/wp\/v2\/types\/page"}],"author":[{"embeddable":true,"href":"https:\/\/iicmessico.esteri.it\/es\/wp-json\/wp\/v2\/users\/3"}],"replies":[{"embeddable":true,"href":"https:\/\/iicmessico.esteri.it\/es\/wp-json\/wp\/v2\/comments?post=117"}],"version-history":[{"count":8,"href":"https:\/\/iicmessico.esteri.it\/es\/wp-json\/wp\/v2\/pages\/117\/revisions"}],"predecessor-version":[{"id":8095,"href":"https:\/\/iicmessico.esteri.it\/es\/wp-json\/wp\/v2\/pages\/117\/revisions\/8095"}],"up":[{"embeddable":true,"href":"https:\/\/iicmessico.esteri.it\/es\/wp-json\/wp\/v2\/pages\/61"}],"wp:attachment":[{"href":"https:\/\/iicmessico.esteri.it\/es\/wp-json\/wp\/v2\/media?parent=117"}],"curies":[{"name":"wp","href":"https:\/\/api.w.org\/{rel}","templated":true}]}}