{"id":124,"date":"2023-03-07T14:40:21","date_gmt":"2023-03-07T13:40:21","guid":{"rendered":"https:\/\/iicmessico.esteri.it\/lingua-e-cultura\/certificazioni\/"},"modified":"2026-02-24T18:45:24","modified_gmt":"2026-02-24T17:45:24","slug":"certificazioni","status":"publish","type":"page","link":"https:\/\/iicmessico.esteri.it\/es\/lingua-e-cultura\/certificazioni\/","title":{"rendered":"Certificaciones"},"content":{"rendered":"<p><strong><span class=\"titoloCategoria\">Certificaci\u00f3n del italiano como idioma extranjero<\/span><\/strong><\/p>\n<p>Las Certificaciones de Italiano son t\u00edtulos que atestan el grado de competencia comunicativa en italiano como idioma extranjero. Los destinatarios son todos los ciudadanos residentes en el extranjero y los inmigrantes en Italia.<\/p>\n<p>Para los examenes no es necesario poseer t\u00edtulos espec\u00edficos.<\/p>\n<p>Para el suministro de las pruebas en el extranjero, a trav\u00e9s de los Institutos Italianos de Cultura, el Ministerio de Asuntos Exteriores ha estipulado convenios con las siguientes Instituciones:<\/p>\n<p><a class=\"titoloNotizia\" href=\"http:\/\/www.cvcl.it\/\" target=\"_blank\" rel=\"noopener\">Universit\u00e0 per Stranieri di Perugia<\/a>\u00a0(CELI \u2013 CIC)<\/p>\n<p><a href=\"https:\/\/www.unistrasi.it\/\"><span class=\"titoloNotizia\">Universit\u00e0 per Stranieri di Siena<\/span>\u00a0\u00a0<\/a>(CILS)<\/p>\n<p><span class=\"titoloCategoria\">Conrespondencia de las certificaciones con el Marco Com\u00fan Europeo de Referencia<\/span><\/p>\n<p>&nbsp;<\/p>\n<p>Fechas de los ex\u00e1menes<\/p>\n<p>CELI:\u00a0<strong>\u00a0&#8212;&#8211;<\/strong><\/p>\n<p>CILS: <strong>17 DE JUNIO DE 2026<\/strong><\/p>\n<p>Se requiere estar atento a la fecha l\u00edmite de inscripci\u00f3n, misma que se establecer\u00e1 en la convocatoria.\u00a0\u00a1Consulta la convocatoria seleccionando el examen de tu inter\u00e9s del men\u00fa de la izquierda!<\/p>\n<p>Sedes<\/p>\n<p>Con el fin de lograr el mayor alcance posible de alumnos interesados en presentar la certificaci\u00f3n del idioma italiano, el Instituto ha designado a algunas escuelas o institutos como sede en ciudades de provincia para aplicar simult\u00e1neamente con nosotros dicha certificaci\u00f3n. (Ver ciudades participantes en la convocatoria.)<\/p>\n<p>La convocatoria<\/p>\n<p>Para cada examen en espec\u00edfico que contiene todos los datos particulares se publica en el Instituto dos meses previos a la celebraci\u00f3n del mism.<\/p>\n<p>Requisitos<span class=\"titoloCategoria\"><br \/>\n<\/span><\/p>\n<ol>\n<li>Llenar la solicitud de inscripci\u00f3n.<\/li>\n<li>Efectuar el pago de la inscripci\u00f3n mediante dep\u00f3sito en banco.<\/li>\n<li>Entregar al Instituto Italiano de Cultura la solicitud junto con la ficha de pago y una copia de un documento oficial de identificaci\u00f3n con fotograf\u00eda (pasaporte, licencia, credencial de elector), mismo que se deber\u00e1 presentar el d\u00eda del examen.<\/li>\n<\/ol>\n","protected":false},"excerpt":{"rendered":"Certificaci\u00f3n del italiano como idioma extranjero Las Certificaciones de Italiano son t\u00edtulos que atestan el grado de competencia comunicativa en italiano como idioma extranjero. Los destinatarios son todos los ciudadanos residentes en el extranjero y los inmigrantes en Italia. Para los examenes no es necesario poseer t\u00edtulos espec\u00edficos. Para el suministro de las pruebas en [&hellip;]","protected":false},"author":3,"featured_media":0,"parent":61,"menu_order":6,"comment_status":"closed","ping_status":"closed","template":"","meta":{"footnotes":""},"class_list":["post-124","page","type-page","status-publish","hentry"],"_links":{"self":[{"href":"https:\/\/iicmessico.esteri.it\/es\/wp-json\/wp\/v2\/pages\/124","targetHints":{"allow":["GET"]}}],"collection":[{"href":"https:\/\/iicmessico.esteri.it\/es\/wp-json\/wp\/v2\/pages"}],"about":[{"href":"https:\/\/iicmessico.esteri.it\/es\/wp-json\/wp\/v2\/types\/page"}],"author":[{"embeddable":true,"href":"https:\/\/iicmessico.esteri.it\/es\/wp-json\/wp\/v2\/users\/3"}],"replies":[{"embeddable":true,"href":"https:\/\/iicmessico.esteri.it\/es\/wp-json\/wp\/v2\/comments?post=124"}],"version-history":[{"count":7,"href":"https:\/\/iicmessico.esteri.it\/es\/wp-json\/wp\/v2\/pages\/124\/revisions"}],"predecessor-version":[{"id":4740,"href":"https:\/\/iicmessico.esteri.it\/es\/wp-json\/wp\/v2\/pages\/124\/revisions\/4740"}],"up":[{"embeddable":true,"href":"https:\/\/iicmessico.esteri.it\/es\/wp-json\/wp\/v2\/pages\/61"}],"wp:attachment":[{"href":"https:\/\/iicmessico.esteri.it\/es\/wp-json\/wp\/v2\/media?parent=124"}],"curies":[{"name":"wp","href":"https:\/\/api.w.org\/{rel}","templated":true}]}}