{"id":127,"date":"2023-03-06T16:16:48","date_gmt":"2023-03-06T15:16:48","guid":{"rendered":"https:\/\/iicmessico.esteri.it\/eventi\/"},"modified":"2023-03-07T15:26:01","modified_gmt":"2023-03-07T14:26:01","slug":"eventi","status":"publish","type":"page","link":"https:\/\/iicmessico.esteri.it\/es\/eventi\/","title":{"rendered":"Eventos"},"content":{"rendered":"        <div class=\"row\">\n\t\t\t<!-- Ricerca sedi post -->\n\t\t\t<div class=\"col-12 mt-4\">\n\t\t\t  <div class=\"callout callout-highlight note ricerca-esteri p-4\">\n                    <div class=\"callout-title\">\n                        <svg class=\"icon\">\n                            <use xlink:href=\"https:\/\/iicmessico.esteri.it\/wp-content\/themes\/sedi-tema\/assets\/svg\/sprites.svg#it-search\"><\/use>\n                        <\/svg>Introduzca sus par\u00e1metros de b\u00fasqueda                    <\/div>\n                    <form id=\"searchFormPost\" name=\"form-search-post\" class=\"form-row align-items-center\" action=\"https:\/\/iicmessico.esteri.it\/es\/wp-json\/wp\/v2\/pages\/127\/\" method=\"GET\"> \n                        <!-- <div class=\"form-group pt-5\"> -->\n                            <!-- <input type=\"hidden\" id=\"lang\" name=\"lang\" value=\"\"> --> <!-- <\/div> -->\n\n                        <div class=\"it-datepicker-wrapper\">\n                            <div class=\"row\">\n                                <div class=\"form-group col-md-6\">\n                                    <label class=\"active\" for=\"date-init\">Desde el<\/label>\n                                    <input class=\"form-control\" name=\"date-init\" id=\"date-init\" type=\"date\" placeholder=\"gg\/mm\/aaaa\" value=\"\"lang=\"en-EN\">  \n                                <\/div>\n                                <div class=\"form-group col-md-6\">\n                                    <label class=\"active\" for=\"date-end\">Hasta el<\/label>\n                                    <input class=\"form-control\" name=\"date-end\" id=\"date-end\" type=\"date\" placeholder=\"gg\/mm\/aaaa\" value=\"\">\n                                <\/div>\n                            <\/div>\n                        <\/div>\n                        <div class=\"form-group col-md-12 mt-3\">\n                            <label for=\"searchText\">Campo de b\u00fasqueda libre<\/label>\n                            <input type=\"text\" name=\"searchText\" class=\"form-control\" id=\"searchText\" value=\"\">\n                        <\/div>\n                        <div class=\"form-group col-md-4 offset-md-8 text-end\">\n                            <a href=\"https:\/\/iicmessico.esteri.it\/es\/eventi\/\" title=\"Form reset\" id=\"resetImput\" class=\"btn btn-outline-primary btn-xs\">Reset<\/a>\n                            <button type=\"submit\" class=\"btn btn-primary btn-xs\">Mostrar resultados<\/button>\n                        <\/div>\n                    <\/form>\n\t\t\t\t<\/div>\n\t\t\t<\/div>\n\t\t<\/div>\n                    \n            <div class=\"row\">\n                            <div class=\"col-12 mt-3\">\n                <!--start card-->\n                <div class=\"card-wrapper card-space\">\n                    <div class=\"card card-bg card-big border-bottom-card\">\n                        <div class=\"card-body row\">\n                                                    <div class=\"col-sm-3\">\n                                <div class=\"img-responsive\">\n                                    <figure class=\"img-wrapper\">\n                                        <a href=\"https:\/\/iicmessico.esteri.it\/es\/gli_eventi\/calendario\/letizia-battaglia-cronica-vida-amor-parque-guanajuato-bicentenario\/\" title=\"Leer el art\u00edculo: \u201cLetizia Battaglia. Cr\u00f3nica, vida, amor\u201d &#8211; Parque Guanajuato Bicentenario\">\n                                                                                            <img loading=\"lazy\" decoding=\"async\" width=\"240\" height=\"300\" src=\"https:\/\/iicmessico.esteri.it\/wp-content\/uploads\/2026\/04\/LETIZIA-BATTAGLIA-redes-2026-C-240x300.png\" srcset=\"https:\/\/iicmessico.esteri.it\/wp-content\/uploads\/2026\/04\/LETIZIA-BATTAGLIA-redes-2026-C.png 1080w, https:\/\/iicmessico.esteri.it\/wp-content\/uploads\/2026\/04\/LETIZIA-BATTAGLIA-redes-2026-C-240x300.png 240w, https:\/\/iicmessico.esteri.it\/wp-content\/uploads\/2026\/04\/LETIZIA-BATTAGLIA-redes-2026-C-819x1024.png 819w, https:\/\/iicmessico.esteri.it\/wp-content\/uploads\/2026\/04\/LETIZIA-BATTAGLIA-redes-2026-C-768x960.png 768w\" sizes=\"auto, (max-width: 1080px) 100vw, 1080px\"  title=\"LETIZIA-BATTAGLIA redes-2026-C\" alt=\"\" class=\"img-fluid\">\n                                                                                    <\/a>\n                                    <\/figure>\n                                <\/div>\n                            <\/div>\n                            <div class=\"col-sm-9\">\n                                                            <div class=\"category-top\">\n                                    <span class=\"fw-bold text-success\">En curso<\/span>                                                                        <span class=\"data\">\n                                        <svg class=\"icon icon-secondary\">\n                                            <use xlink:href=\"https:\/\/iicmessico.esteri.it\/wp-content\/themes\/sedi-tema\/assets\/svg\/sprites.svg#it-calendar\"><\/use>\n                                        <\/svg> Vie Mar 27 2026<svg class=\"icon icon-xs icon-secondary me-1 ms-1\"><use href=\"https:\/\/iicmessico.esteri.it\/wp-content\/themes\/sedi-tema\/assets\/svg\/sprites.svg#it-arrow-right\"><\/use><\/svg>Dom Jun 28 2026                                    <\/span>\n                                                                    <\/div>\n                            <h5 class=\"card-title big-heading text-uppercase\"><a class=\"text-body text-decoration-none\" href=\"https:\/\/iicmessico.esteri.it\/es\/gli_eventi\/calendario\/letizia-battaglia-cronica-vida-amor-parque-guanajuato-bicentenario\/\" title=\"\u201cLetizia Battaglia. Cr\u00f3nica, vida, amor\u201d &#8211; Parque Guanajuato Bicentenario\">\u201cLetizia Battaglia. Cr\u00f3nica, vida, amor\u201d &#8211; Parque Guanajuato Bicentenario<\/a><\/h5>\n                            <p class=\"card-text\">\u201cLetizia Battaglia. Cr\u00f3nica, vida, amor\u201d es una muestra retrospectiva que re\u00fane el trabajo m\u00e1s emblem\u00e1tico de la reconocida fotoperiodista italiana desarrollado entre las d\u00e9cadas de 1970 a 1990, en el que se documenta la violencia de la mafia y la desigualdad social en Sicilia, adem\u00e1s de la cotidianidad de la vida en Palermo, entre otros [&hellip;]<\/p>\n                                <a title=\"\u201cLetizia Battaglia. Cr\u00f3nica, vida, amor\u201d &#8211; Parque Guanajuato Bicentenario\" class=\"read-more\" href=\"https:\/\/iicmessico.esteri.it\/es\/gli_eventi\/calendario\/letizia-battaglia-cronica-vida-amor-parque-guanajuato-bicentenario\/\">\n                                    <span class=\"text\">Lee mas<\/span>\n                                    <svg class=\"icon\">\n                                    <use xlink:href=\"https:\/\/iicmessico.esteri.it\/wp-content\/themes\/sedi-tema\/assets\/svg\/sprites.svg#it-arrow-right\"><\/use>\n                                    <\/svg>\n                                <\/a>\n                                                        <\/div>\n                                                    <\/div>\n                    <\/div>\n                <\/div>\n                <!--end card-->\n                <\/div><!-- col-12 .mt-3-->\n                            <div class=\"col-12 mt-3\">\n                <!--start card-->\n                <div class=\"card-wrapper card-space\">\n                    <div class=\"card card-bg card-big border-bottom-card\">\n                        <div class=\"card-body row\">\n                                                    <div class=\"col-sm-3\">\n                                <div class=\"img-responsive\">\n                                    <figure class=\"img-wrapper\">\n                                        <a href=\"https:\/\/iicmessico.esteri.it\/es\/gli_eventi\/calendario\/hackout-sofia-escamilla-yuko-cornale-en-concierto\/\" title=\"Leer el art\u00edculo: HackOut! + Sof\u00eda Escamilla + Yuko Cornale, en concierto\">\n                                                                                            <img loading=\"lazy\" decoding=\"async\" width=\"300\" height=\"169\" src=\"https:\/\/iicmessico.esteri.it\/wp-content\/uploads\/2026\/04\/INVITO-19-APRILE-03-300x169.png\" srcset=\"https:\/\/iicmessico.esteri.it\/wp-content\/uploads\/2026\/04\/INVITO-19-APRILE-03.png 1920w, https:\/\/iicmessico.esteri.it\/wp-content\/uploads\/2026\/04\/INVITO-19-APRILE-03-300x169.png 300w, https:\/\/iicmessico.esteri.it\/wp-content\/uploads\/2026\/04\/INVITO-19-APRILE-03-1024x576.png 1024w, https:\/\/iicmessico.esteri.it\/wp-content\/uploads\/2026\/04\/INVITO-19-APRILE-03-768x432.png 768w\" sizes=\"auto, (max-width: 1920px) 100vw, 1920px\"  title=\"INVITO-19-APRILE-03\" alt=\"\" class=\"img-fluid\">\n                                                                                    <\/a>\n                                    <\/figure>\n                                <\/div>\n                            <\/div>\n                            <div class=\"col-sm-9\">\n                                                            <div class=\"category-top\">\n                                    <span class=\"fw-bold text-success\">En curso<\/span>                                                                        <span class=\"data\">\n                                        <svg class=\"icon icon-secondary\">\n                                            <use xlink:href=\"https:\/\/iicmessico.esteri.it\/wp-content\/themes\/sedi-tema\/assets\/svg\/sprites.svg#it-calendar\"><\/use>\n                                        <\/svg> Dom Abr 19 2026                                    <\/span>\n                                                                    <\/div>\n                            <h5 class=\"card-title big-heading text-uppercase\"><a class=\"text-body text-decoration-none\" href=\"https:\/\/iicmessico.esteri.it\/es\/gli_eventi\/calendario\/hackout-sofia-escamilla-yuko-cornale-en-concierto\/\" title=\"HackOut! + Sof\u00eda Escamilla + Yuko Cornale, en concierto\">HackOut! + Sof\u00eda Escamilla + Yuko Cornale, en concierto<\/a><\/h5>\n                            <p class=\"card-text\">El Instituto Italiano de Cultura acoge en su auditorio una segunda presentaci\u00f3n del proyecto musical protagonizado por HackOut!, Sof\u00eda Escamilla y Yuko Cornale, ofreciendo al p\u00fablico una oportunidad de escucha m\u00e1s cercana y de intercambio directo con los artistas. Despu\u00e9s del concierto en el Centro Nacional de las Artes, esta presentaci\u00f3n propone un contexto m\u00e1s [&hellip;]<\/p>\n                                <a title=\"HackOut! + Sof\u00eda Escamilla + Yuko Cornale, en concierto\" class=\"read-more\" href=\"https:\/\/iicmessico.esteri.it\/es\/gli_eventi\/calendario\/hackout-sofia-escamilla-yuko-cornale-en-concierto\/\">\n                                    <span class=\"text\">Lee mas<\/span>\n                                    <svg class=\"icon\">\n                                    <use xlink:href=\"https:\/\/iicmessico.esteri.it\/wp-content\/themes\/sedi-tema\/assets\/svg\/sprites.svg#it-arrow-right\"><\/use>\n                                    <\/svg>\n                                <\/a>\n                                                        <\/div>\n                                                    <\/div>\n                    <\/div>\n                <\/div>\n                <!--end card-->\n                <\/div><!-- col-12 .mt-3-->\n            \n            <div class=\"col-md-12 mt-4 pb-4\">\n                <nav class=\"navigation col-md-12\" aria-label=\"Navigation\">\n                    <h2 class=\"screen-reader-text visually-hidden\">Paginaci\u00f3n<\/h2>\n                    <div class=\"nav-links\">\n                                        <\/div>\n                <\/nav>\n            <\/div>   <!--.col-md-12 -->\n              <\/div><!--.row -->\n              \n","protected":false},"excerpt":{"rendered":"","protected":false},"author":3,"featured_media":0,"parent":0,"menu_order":4,"comment_status":"closed","ping_status":"closed","template":"","meta":{"footnotes":""},"class_list":["post-127","page","type-page","status-publish","hentry"],"_links":{"self":[{"href":"https:\/\/iicmessico.esteri.it\/es\/wp-json\/wp\/v2\/pages\/127","targetHints":{"allow":["GET"]}}],"collection":[{"href":"https:\/\/iicmessico.esteri.it\/es\/wp-json\/wp\/v2\/pages"}],"about":[{"href":"https:\/\/iicmessico.esteri.it\/es\/wp-json\/wp\/v2\/types\/page"}],"author":[{"embeddable":true,"href":"https:\/\/iicmessico.esteri.it\/es\/wp-json\/wp\/v2\/users\/3"}],"replies":[{"embeddable":true,"href":"https:\/\/iicmessico.esteri.it\/es\/wp-json\/wp\/v2\/comments?post=127"}],"version-history":[{"count":1,"href":"https:\/\/iicmessico.esteri.it\/es\/wp-json\/wp\/v2\/pages\/127\/revisions"}],"predecessor-version":[{"id":128,"href":"https:\/\/iicmessico.esteri.it\/es\/wp-json\/wp\/v2\/pages\/127\/revisions\/128"}],"wp:attachment":[{"href":"https:\/\/iicmessico.esteri.it\/es\/wp-json\/wp\/v2\/media?parent=127"}],"curies":[{"name":"wp","href":"https:\/\/api.w.org\/{rel}","templated":true}]}}