{"id":1638,"date":"2023-09-14T16:57:16","date_gmt":"2023-09-14T14:57:16","guid":{"rendered":"https:\/\/iicmessico.esteri.it\/?page_id=1638"},"modified":"2023-09-14T16:58:15","modified_gmt":"2023-09-14T14:58:15","slug":"practicas","status":"publish","type":"page","link":"https:\/\/iicmessico.esteri.it\/es\/lingua-e-cultura\/borse-di-studio\/practicas\/","title":{"rendered":"Pr\u00e1cticas"},"content":{"rendered":"<p>El Istituto Italiano di Cultura de la Ciudad de M\u00e9xico participa en el programa de <strong>pr\u00e1cticas con duraci\u00f3n trimestral<\/strong> en las sedes en el extranjero, estipulado en base a la <strong>Convenci\u00f3n entre el Ministerio de Asuntos Exteriores y de la Cooperaci\u00f3n Internacional, el Miur y la Fondazione CRUI<\/strong>.<\/p>\n<p>El IIC Ciudad de M\u00e9xico <strong>no organiza<\/strong> por cuenta propia estancias en pr\u00e1cticas, no participa en otros programas y no acepta candidaturas espont\u00e1neas.<\/p>\n<p>La Fondazione CRUI controla el proceso de preselecci\u00f3n de los solicitantes de pr\u00e1cticas de acuerdo con las Universidades y publica regularmente los bandos trimestrales (<a href=\"https:\/\/www.fondazionecrui.it\/\">https:\/\/www.fondazionecrui.it\/<\/a>).<\/p>\n<p>Las pr\u00e1cticas en el Istituto Italiano de Cultura de la Ciudad de M\u00e9xico se extienden a los estudiantes que asisten a todos los cursos de grado de segundo ciclo o de ciclo \u00fanico.<\/p>\n","protected":false},"excerpt":{"rendered":"El Istituto Italiano di Cultura de la Ciudad de M\u00e9xico participa en el programa de pr\u00e1cticas con duraci\u00f3n trimestral en las sedes en el extranjero, estipulado en base a la Convenci\u00f3n entre el Ministerio de Asuntos Exteriores y de la Cooperaci\u00f3n Internacional, el Miur y la Fondazione CRUI. El IIC Ciudad de M\u00e9xico no organiza [&hellip;]","protected":false},"author":5,"featured_media":0,"parent":117,"menu_order":0,"comment_status":"closed","ping_status":"closed","template":"","meta":{"footnotes":""},"class_list":["post-1638","page","type-page","status-publish","hentry"],"_links":{"self":[{"href":"https:\/\/iicmessico.esteri.it\/es\/wp-json\/wp\/v2\/pages\/1638","targetHints":{"allow":["GET"]}}],"collection":[{"href":"https:\/\/iicmessico.esteri.it\/es\/wp-json\/wp\/v2\/pages"}],"about":[{"href":"https:\/\/iicmessico.esteri.it\/es\/wp-json\/wp\/v2\/types\/page"}],"author":[{"embeddable":true,"href":"https:\/\/iicmessico.esteri.it\/es\/wp-json\/wp\/v2\/users\/5"}],"replies":[{"embeddable":true,"href":"https:\/\/iicmessico.esteri.it\/es\/wp-json\/wp\/v2\/comments?post=1638"}],"version-history":[{"count":1,"href":"https:\/\/iicmessico.esteri.it\/es\/wp-json\/wp\/v2\/pages\/1638\/revisions"}],"predecessor-version":[{"id":1639,"href":"https:\/\/iicmessico.esteri.it\/es\/wp-json\/wp\/v2\/pages\/1638\/revisions\/1639"}],"up":[{"embeddable":true,"href":"https:\/\/iicmessico.esteri.it\/es\/wp-json\/wp\/v2\/pages\/117"}],"wp:attachment":[{"href":"https:\/\/iicmessico.esteri.it\/es\/wp-json\/wp\/v2\/media?parent=1638"}],"curies":[{"name":"wp","href":"https:\/\/api.w.org\/{rel}","templated":true}]}}