{"id":257,"date":"2023-08-30T19:20:05","date_gmt":"2023-08-30T17:20:05","guid":{"rendered":"https:\/\/iicmessico.esteri.it\/?page_id=257"},"modified":"2025-03-07T17:29:42","modified_gmt":"2025-03-07T16:29:42","slug":"premios-a-la-traduccion-maeci","status":"publish","type":"page","link":"https:\/\/iicmessico.esteri.it\/es\/lingua-e-cultura\/premi-alla-traduzione\/premios-a-la-traduccion-maeci\/","title":{"rendered":"Premios a la traducci\u00f3n MAECI"},"content":{"rendered":"<p><strong>El Ministerio de Asuntos Exteriores y de Cooperaci\u00f3n Internacional <\/strong>promueve anualmente la difusi\u00f3n de obras editoriales y cinematogr\u00e1ficas italianas en el extranjero mediante la concesi\u00f3n de incentivos a la traducci\u00f3n y al doblaje\/subtitulado, que representan un instrumento estrat\u00e9gico para la promoci\u00f3n de la lengua y la cultura italianas en el extranjero.<\/p>\n<p>El Ministerio de Asuntos Exteriores y Cooperaci\u00f3n Internacional ofrece dos tipos de incentivos financieros:<\/p>\n<p><strong>CONTRIBUCIONES<\/strong><\/p>\n<ul>\n<li>incentivo para la traducci\u00f3n a una lengua extranjera y la difusi\u00f3n mediante publicaci\u00f3n (tambi\u00e9n en formato de libro electr\u00f3nico digital) de <strong>obras literarias y cient\u00edficas italianas<\/strong>, cuya publicaci\u00f3n est\u00e1 prevista en los meses siguientes a la convocatoria de solicitudes<\/li>\n<li>producci\u00f3n, doblaje o subtitulaci\u00f3n en lenguas extranjeras de <strong>cortometrajes, largometrajes y series de televisi\u00f3n<\/strong>, cuya publicaci\u00f3n est\u00e9 prevista en los meses siguientes a la convocatoria.<\/li>\n<\/ul>\n<p>&nbsp;<\/p>\n<p><strong>PREMIOS<\/strong><\/p>\n<ul>\n<li>obras literarias y cient\u00edficas italianas, tambi\u00e9n en versi\u00f3n digital (libro electr\u00f3nico o e-book) que <strong>ya hayan sido traducidas y publicadas;<\/strong><\/li>\n<li>producci\u00f3n, doblaje, subtitulaci\u00f3n de cortometrajes, largometrajes y series de televisi\u00f3n destinados a los medios de comunicaci\u00f3n de masas que <strong>ya hayan sido producidos<\/strong>.<strong>\u00a0<\/strong><\/li>\n<\/ul>\n<p><strong>EL PLAZO DE PRESENTACI\u00d3N DE CANDIDATURAS PARA LA EDICI\u00d3N DE 2024 FINALIZ\u00d3 EL 24 de abril DE 2024. <\/strong><\/p>\n<p>Consulte aqu\u00ed la \u00faltima <a href=\"https:\/\/iicmessico.esteri.it\/wp-content\/uploads\/2025\/03\/2025-Bando-Premi-e-Contributi-IT_Firmato.pdf\" target=\"_blank\" rel=\"noopener\"><u>convocatoria<\/u><\/a>\u00a0 \u00a0 y el <a href=\"https:\/\/iicmessico.esteri.it\/wp-content\/uploads\/2025\/03\/2025-modulo-di-domanda-IT-e-EN.docx\"><strong>formulario<\/strong> de solicitud<\/a> .<\/p>\n","protected":false},"excerpt":{"rendered":"El Ministerio de Asuntos Exteriores y de Cooperaci\u00f3n Internacional promueve anualmente la difusi\u00f3n de obras editoriales y cinematogr\u00e1ficas italianas en el extranjero mediante la concesi\u00f3n de incentivos a la traducci\u00f3n y al doblaje\/subtitulado, que representan un instrumento estrat\u00e9gico para la promoci\u00f3n de la lengua y la cultura italianas en el extranjero. El Ministerio de Asuntos [&hellip;]","protected":false},"author":5,"featured_media":0,"parent":110,"menu_order":0,"comment_status":"closed","ping_status":"closed","template":"","meta":{"footnotes":""},"class_list":["post-257","page","type-page","status-publish","hentry"],"_links":{"self":[{"href":"https:\/\/iicmessico.esteri.it\/es\/wp-json\/wp\/v2\/pages\/257","targetHints":{"allow":["GET"]}}],"collection":[{"href":"https:\/\/iicmessico.esteri.it\/es\/wp-json\/wp\/v2\/pages"}],"about":[{"href":"https:\/\/iicmessico.esteri.it\/es\/wp-json\/wp\/v2\/types\/page"}],"author":[{"embeddable":true,"href":"https:\/\/iicmessico.esteri.it\/es\/wp-json\/wp\/v2\/users\/5"}],"replies":[{"embeddable":true,"href":"https:\/\/iicmessico.esteri.it\/es\/wp-json\/wp\/v2\/comments?post=257"}],"version-history":[{"count":2,"href":"https:\/\/iicmessico.esteri.it\/es\/wp-json\/wp\/v2\/pages\/257\/revisions"}],"predecessor-version":[{"id":4873,"href":"https:\/\/iicmessico.esteri.it\/es\/wp-json\/wp\/v2\/pages\/257\/revisions\/4873"}],"up":[{"embeddable":true,"href":"https:\/\/iicmessico.esteri.it\/es\/wp-json\/wp\/v2\/pages\/110"}],"wp:attachment":[{"href":"https:\/\/iicmessico.esteri.it\/es\/wp-json\/wp\/v2\/media?parent=257"}],"curies":[{"name":"wp","href":"https:\/\/api.w.org\/{rel}","templated":true}]}}