{"id":262,"date":"2023-08-30T19:29:17","date_gmt":"2023-08-30T17:29:17","guid":{"rendered":"https:\/\/iicmessico.esteri.it\/?page_id=262"},"modified":"2024-05-22T01:04:59","modified_gmt":"2024-05-21T23:04:59","slug":"millumino-dimmenso","status":"publish","type":"page","link":"https:\/\/iicmessico.esteri.it\/es\/lingua-e-cultura\/premi-alla-traduzione\/millumino-dimmenso\/","title":{"rendered":"M\u2019ILLUMINO \/ D\u2019IMMENSO"},"content":{"rendered":"<p>Los Institutos Italianos de Cultura de Barcelona, Buenos Aires, Caracas, Ciudad de M\u00e9xico, Lima, Madrid y Montevideo, y el Laboratorio Tr\u0101d\u016bxit, bajo el patrocinio de Biblioteche di Roma, con el fin de fomentar la traducci\u00f3n y difusi\u00f3n de la poes\u00eda italiana y suizo-italiana en los pa\u00edses de habla hispana,<\/p>\n<h3 style=\"text-align: center;\">\nconvocan a la s\u00e9ptima edici\u00f3n de<br \/>\nM\u2019ILLUMINO \/ D\u2019IMMENSO<br \/>\nPremio Internacional de Traducci\u00f3n de Poes\u00eda del italiano al espa\u00f1ol<\/h3>\n<p>La convocatoria se cierra el 20 de agosto de 2024 a las 23:59 (GMT). No se recibir\u00e1n propuestas despu\u00e9s de esta fecha y hora.<\/p>\n<p><a href=\"https:\/\/iicmessico.esteri.it\/wp-content\/uploads\/2024\/05\/Bando-MIDI-spagnolo-2024-in-spagnolo.pdf\">Consulte aqu\u00ed la \u00faltima convocatoria .<\/a><\/p>\n<p>&nbsp;<\/p>\n<p>La IILA (Organizzazione internazionale italo-latino americana), los Institutos Italianos de Cultura de Barcelona, Buenos Aires, Caracas, Ciudad de M\u00e9xico, Lima, Madrid y Montevideo, y el Laboratorio Tr\u0101d\u016bxit, bajo el patrocinio de Biblioteche di Roma, con el fin de fomentar la traducci\u00f3n y difusi\u00f3n de la poes\u00eda en lengua espa\u00f1ola en Italia,<\/p>\n<h3 style=\"text-align: center;\">\nconvocan a la segunda edici\u00f3n de<br \/>\nM\u2019ILLUMINO \/ D\u2019IMMENSO<br \/>\nPremio Internacional de Traducci\u00f3n de Poes\u00eda del espa\u00f1ol al italiano<\/h3>\n<p>La convocatoria se cierra el 20 de agosto de 2024 a las 23:59 (GMT). No se recibir\u00e1n propuestas despu\u00e9s de esta fecha y hora.<\/p>\n<p><a href=\"https:\/\/iicmessico.esteri.it\/wp-content\/uploads\/2024\/05\/Bando-MIDI-italiano-2024-in-spagnolo.pdf\">Consulte aqu\u00ed la \u00faltima convocatoria.<\/a><\/p>\n<p>&nbsp;<\/p>\n","protected":false},"excerpt":{"rendered":"Los Institutos Italianos de Cultura de Barcelona, Buenos Aires, Caracas, Ciudad de M\u00e9xico, Lima, Madrid y Montevideo, y el Laboratorio Tr\u0101d\u016bxit, bajo el patrocinio de Biblioteche di Roma, con el fin de fomentar la traducci\u00f3n y difusi\u00f3n de la poes\u00eda italiana y suizo-italiana en los pa\u00edses de habla hispana, convocan a la s\u00e9ptima edici\u00f3n de [&hellip;]","protected":false},"author":5,"featured_media":0,"parent":110,"menu_order":0,"comment_status":"closed","ping_status":"closed","template":"","meta":{"footnotes":""},"class_list":["post-262","page","type-page","status-publish","hentry"],"_links":{"self":[{"href":"https:\/\/iicmessico.esteri.it\/es\/wp-json\/wp\/v2\/pages\/262","targetHints":{"allow":["GET"]}}],"collection":[{"href":"https:\/\/iicmessico.esteri.it\/es\/wp-json\/wp\/v2\/pages"}],"about":[{"href":"https:\/\/iicmessico.esteri.it\/es\/wp-json\/wp\/v2\/types\/page"}],"author":[{"embeddable":true,"href":"https:\/\/iicmessico.esteri.it\/es\/wp-json\/wp\/v2\/users\/5"}],"replies":[{"embeddable":true,"href":"https:\/\/iicmessico.esteri.it\/es\/wp-json\/wp\/v2\/comments?post=262"}],"version-history":[{"count":4,"href":"https:\/\/iicmessico.esteri.it\/es\/wp-json\/wp\/v2\/pages\/262\/revisions"}],"predecessor-version":[{"id":3277,"href":"https:\/\/iicmessico.esteri.it\/es\/wp-json\/wp\/v2\/pages\/262\/revisions\/3277"}],"up":[{"embeddable":true,"href":"https:\/\/iicmessico.esteri.it\/es\/wp-json\/wp\/v2\/pages\/110"}],"wp:attachment":[{"href":"https:\/\/iicmessico.esteri.it\/es\/wp-json\/wp\/v2\/media?parent=262"}],"curies":[{"name":"wp","href":"https:\/\/api.w.org\/{rel}","templated":true}]}}