{"id":273,"date":"2023-09-01T19:20:23","date_gmt":"2023-09-01T17:20:23","guid":{"rendered":"https:\/\/iicmessico.esteri.it\/?page_id=273"},"modified":"2026-02-24T18:54:18","modified_gmt":"2026-02-24T17:54:18","slug":"examen-de-certificacion-cils","status":"publish","type":"page","link":"https:\/\/iicmessico.esteri.it\/es\/lingua-e-cultura\/certificazioni\/examen-de-certificacion-cils\/","title":{"rendered":"Examen de certificaci\u00f3n CILS"},"content":{"rendered":"<p style=\"text-align: center;\"><strong>Examen para la Certificaci\u00f3n del\u00a0Italiano como Lengua Extranjera (CILS)<\/strong><\/p>\n<p style=\"text-align: center;\"><strong>UNIVERSITA&#8217; PER STRANIERI DI SIENA, ITALIA<\/strong><\/p>\n<p style=\"text-align: center;\"><strong>17 DE JUNIO DE 2026<\/strong><\/p>\n<p>Te informamos que el<strong> mi\u00e9rcoles 17 DE JUNIO DE 2026<\/strong> <strong>\u00a0<\/strong>(de 8:30 a 18:00 Hrs.) se efectuar\u00e1n los ex\u00e1menes para la Certificaci\u00f3n del Italiano como Lengua Extranjera (CILS) en <strong>El Instituto Italiano de Cultura ubicado en la calle Francisco Sosa 77 en Coyoac\u00e1n, Ciudad de M\u00e9xico<\/strong>. Tel: 55.55.54 oo 44 ext 101, 102, 123. Mail:\u00a0<a href=\"mailto:corsi.iicmessico@esteri.it\">corsi.iicmessico@esteri.it<\/a><\/p>\n<p>&nbsp;<\/p>\n<p><strong>SEDES FUERA DE LA CIUDAD DE M\u00c9XICO<\/strong><\/p>\n<p><strong>UNAM \u2013 FACULTAD DE ESTUDIOS SUPERIORES \u2013ACATL\u00c1N<\/strong><\/p>\n<p>Av. Alcanfores s\/n Santa Cruz Acatl\u00e1n Naucalpan de Ju\u00e1rez, Edo. De M\u00e9xico Tel.: 56.23.15.15, Responsable: Prof. David Rey Avila mail:\u00a0<a href=\"mailto:davidrey@apolo.acatlan.unam.mx\">davidrey@apolo.acatlan.unam.mx<\/a><\/p>\n<p>&nbsp;<\/p>\n<p><strong>\u00b7 UNAM \u2013 FACULTAD DE ESTUDIOS SUPERIORES ARAG\u00d3N<\/strong><\/p>\n<p>Av Hacienda de Rancho Seco s\/n, Impulsora Popular Avicola, 57130<\/p>\n<p>Nezahualc\u00f3yotl, M\u00e9xico. Tel\u00e9fono 56230222 Ext-83033E-mail centrodelenguas@aragon.unam.mx; p\u00e1gina Web\u00a0<a href=\"http:\/\/cle-aragon.unam.mx\/\">http:\/\/cle-aragon.unam.mx<\/a>.<\/p>\n<p>Responsable: VICTOR ANDR\u00c9S GARC\u00cdA CABRAL MART\u00cdNEZ<\/p>\n<p>&nbsp;<\/p>\n<p><strong>\u00b7 UNIVERSIDAD AUT\u00d3NOMA DE QUER\u00c9TARO<\/strong><\/p>\n<p>Facultad de Lenguas y Letras, Centro Universitario<br \/>\nHidalgo S\/N, Col. Las Campanas Cerro de las Campanas (junto a la Facultad de Ingenier\u00eda) Quer\u00e9taro, Qro. C.P. 76010 Tel.: 01 442 1921200 Ext. 61050 Responsable E-mail:\u00a0<a href=\"mailto:lulupe@uaq.mx\">lulupe@uaq.mx<\/a><\/p>\n<p>&nbsp;<\/p>\n<p><strong>\u00b7 UNIVERSIDAD JU\u00c1REZ AUT\u00d3NOMA DE TABASCO<\/strong><\/p>\n<p>Ave. Universidad S\/N Zona de la Cultura C.P. 86020 Tel. 01 993 3126480Villa Hermosa, Tabasco Coordinaci\u00f3n Centro de Ense\u00f1anza de Idiomas E-mail:\u00a0<a href=\"mailto:rubenzapatad@hotmail.com\">rubenzapatad@hotmail.com<\/a>\u00a0 Responsable: Maestro Rub\u00e9n Zapata<\/p>\n<p>&nbsp;<\/p>\n<p><strong>\u00b7 UREI. UNIVERSIDAD DE RELACIONES INTERNACIONALES A.C<\/strong><\/p>\n<p>Av. Chairel No.208, Col Ex-Country Club, C.P.89250<br \/>\nTampico, Tamaulipas, Tel\u00e9fono: +52 (833) 219-2498<\/p>\n<p>Responsable: Lic, Leticia Rivera Chaves; mail:\u00a0<a href=\"mailto:vicerrectoria@urei.edu.mx\">vicerrectoria@urei.edu.mx<\/a><\/p>\n<p>&nbsp;<\/p>\n<p><strong>\u00b7 CENTRO GIUSEPPE VERDI XALAPA<\/strong><\/p>\n<p>Calle R. Lucio n. 51 -2 Cap 9100 Col. Centro<\/p>\n<p>Xalapa, Veracruz Responsable: Prof. Mauro de Rosa \/Tel. 01 228 81 88770 Prof. Roberto Ferrari E-mail:\u00a0<a href=\"mailto:correocasaitalia@gmail.com\">correocasaitalia@gmail.com<\/a><\/p>\n<p>Nota: se realiza el examen \u00fanicamente en la sede en la que se inscribe el candidato.<\/p>\n<p>&nbsp;<\/p>\n<p><span class=\"titoloRosso\"><strong>Requisitos<\/strong><\/span><br \/>\na) Llena la solicitud de inscripci\u00f3n\u00a0<a href=\"https:\/\/iicmessico.esteri.it\/wp-content\/uploads\/2025\/03\/nueva-ficha-de-inscripcion-CILS-2025.pdf\"><b>\u00a1Desc\u00e1rgalo aqu\u00ed (PDF)!<\/b><\/a><\/p>\n<p>b) Env\u00eda junto con la solicitud, copia de un documento oficial de identificaci\u00f3n con fotograf\u00eda que sea legible, misma que se deber\u00e1 presentar el d\u00eda del examen. SIN IDENTIFICACI\u00d3N OFICIAL NO SE RECIBE LA DOCUMENTACION Y NO SE PODR\u00c1 PROCEDER AL REGISTRO.<\/p>\n<p>c) Realiza el pago mediante SOLAMENTE por dep\u00f3sito bancario referenciado en el banco HSBC, solo a la cuenta n\u00famero 4024485237, a nombre del instituto italiano de cultura y solicite el clave rap 250. <strong><u>Deber\u00e1s poner como referencia tu apellido y nombre completo a fin de identificar su pago<\/u><\/strong>.\u00a0 <strong>NO SE ACEPTAN TRANSFERENCIAS BANCARIAS. \u2013 ENTREGAR SOLO RECIBO DEL BANCO EN ORIGINAL. NO SE ACEPTA COPIA DEL PAGO.<\/strong><\/p>\n<p>d) La edad m\u00ednima es de 17 a\u00f1os cumplidos para el d\u00eda del examen.<\/p>\n<p>e)<\/p>\n<p>Todos tus documentos deber\u00e1n ser entregados exclusivamente en la recepci\u00f3n de este Instituto, de no ser posible la entrega personal, podr\u00e1s enviar dicha documentaci\u00f3n por medio de mensajer\u00eda privada con notificaci\u00f3n de rastreo.\u00a0 <strong>NO SE ACEPTAN DOCUMENTO ENVIADOS POR CORREO ELECTRONICO.<\/strong> Agradecemos considerar el tr\u00e1mite anterior como indispensable.<\/p>\n<p><strong>f) <\/strong><strong>La fecha l\u00edmite para entregar las solicitudes y pago de la cuota de inscripci\u00f3n ser\u00e1 el pr\u00f3ximo d\u00eda 6 DE MAYO DE 2026 hasta las 19.00 hrs. Despu\u00e9s de esta FECHA NO SE ACEPTAR\u00c1 NINGUNA SOLICITUD.<\/strong><\/p>\n<p><strong>g) Se le solicita hacer una copia de la documentaci\u00f3n que entrega<\/strong><\/p>\n<p>h) Si no se puede presentar al examen <strong>no hay forma de reembolsar<\/strong> el costo del examen ni podr\u00e1 posponer a otra sesi\u00f3n. Consid\u00e9relo antes de inscribirse.<\/p>\n<p><strong>NOTA: NO HAY CAMBIO DE FECHA DEL EXAMEN Y EL EXAMEN SE PRESENTA DE FORMA PRESENCIAL. SE LE INVITA A NO VENIR CON ACOMPA\u00d1ANTES Y RESPETAR LOS ESPACIOS Y A LOS COMPA\u00d1EROS. CUALQUIER CONDUCTA FUERA DE LA NORMA SE EXCLUIRA AL CANDIDATO DEL EXAMEN Y SE LE PEDIRA RETIRARSE DE LA SEDE. <\/strong><\/p>\n<p><strong>Se informa que las nuevas cuotas de inscripci\u00f3n establecidas para el a\u00f1o 2024 son las siguientes:<\/strong><\/p>\n<table class=\"table\" style=\"height: 150px;\" border=\"1\" width=\"719\" frame=\"hsides\" rules=\"rows\" cellspacing=\"1\" cellpadding=\"4\" align=\"center\">\n<tbody>\n<tr>\n<td>LIV. A1 y A2<\/td>\n<td>LIV. UNO\u00a0&#8211; B1<\/td>\n<td>&nbsp;<\/p>\n<p>&nbsp;<\/td>\n<td>LIV. DUE &#8211; B2<\/td>\n<td>LIV TRE &#8211; C1<\/td>\n<td>LIV. QUATTRO &#8211; C2<\/td>\n<\/tr>\n<tr>\n<td><span class=\"titoloCategoria\">\u00a0\u00a0\u00a0$1400.00<\/span><\/td>\n<td><span class=\"titoloCategoria\">$1,800.00\u00a0\u00a0\u00a0<\/span><\/td>\n<td><\/td>\n<td><span class=\"titoloCategoria\">$2,200.00<\/span><\/td>\n<td><span class=\"titoloCategoria\">$2,300.00<\/span><\/td>\n<td><span class=\"titoloCategoria\">$2,700.00<\/span><\/td>\n<\/tr>\n<\/tbody>\n<\/table>\n<p>&nbsp;<\/p>\n<p>Si ya has efectuado dicho examen con anterioridad, y tienes pendiente por aprobar algunas habilidades, podr\u00e1s presentarte a repetir las pruebas no superadas dentro de un periodo no mayor a un (1) a\u00f1o a partir de la fecha en que presentaste el \u00faltimo examen, pagando la cuota por cada habilidad seg\u00fan el nivel que corresponda:<\/p>\n<table class=\"table aligncenter\" style=\"height: 130px;\" border=\"1\" width=\"506\" frame=\"hsides\" rules=\"rows\" cellspacing=\"0\" cellpadding=\"3\">\n<tbody>\n<tr>\n<td>LIV. A1 y A2<br \/>\nPrecils<\/td>\n<td>LIV. UNO<br \/>\nB1<\/td>\n<td>LIV. DUE<br \/>\nB2<\/td>\n<td>LIV TRE<br \/>\nC1<\/td>\n<td>LIV. QUATTRO<br \/>\nC2<\/td>\n<\/tr>\n<tr>\n<td><span class=\"titoloCategoria\">$450.00<\/span><\/td>\n<td><span class=\"titoloCategoria\">$750.00<\/span><\/td>\n<td><span class=\"titoloCategoria\">$800.00<\/span><\/td>\n<td><span class=\"titoloCategoria\">$ 900.00<\/span><\/td>\n<td><span class=\"titoloCategoria\">$ 900.00<\/span><\/td>\n<\/tr>\n<\/tbody>\n<\/table>\n<p><strong>FAQ<\/strong><\/p>\n<p><strong>\u00bfMe pueden dar factura por el pago de mi examen?<\/strong><\/p>\n<p>&#8211; El Instituto Italiano de Cultura es la Oficina Cultural de la Embajada de Italia y como sede diplom\u00e1tica no se emiten facturas o recibos fiscales.<\/p>\n<p><strong>\u00bfPuedo pagar el examen en el Instituto Italiano pero hacer el examen en otra sede de ex\u00e1menes Cils?<\/strong><\/p>\n<p>&#8211; Si quieres hacer tu examen de certificaci\u00f3n en otra sede diferente a la del IIC comun\u00edcate directamente con la misma, ya que no podr\u00e1s realizar el proceso de inscripci\u00f3n en una sede y hacer el examen en otra.<\/p>\n<p><strong>\u00bfSi ya pagu\u00e9, que hago con el comprobante, lo guardo?<\/strong><\/p>\n<p>&#8211; Por favor, entr\u00e9ganos el comprobante original del pago (no aceptamos fotocopias del mismo y te recomendamos conservar una fotocopia del pago).<\/p>\n<p><strong>\u00bfPuedo mandar mis documentos por e-mail?<\/strong><\/p>\n<p>&#8211; Es importante que consideres que no recibimos documentaci\u00f3n v\u00eda correo electr\u00f3nico.<\/p>\n<p><strong>\u00bfSi se me pas\u00f3 la fecha l\u00edmite puedo entrarlos despu\u00e9s?<\/strong><\/p>\n<p>&#8211; En este caso, no es posible dado que el sistema de inscripciones se cierra y no permite el acceso a nuevas solicitudes.<\/p>\n<p><strong>\u00bfA qu\u00e9 hora me tengo que presentar al examen?<\/strong><\/p>\n<p>&#8211; Te aconsejamos llegar al menos media hora antes de las 9:00 a fin de proceder al registro. No podr\u00e1s acceder al examen una vez comenzado el primer m\u00f3dulo de audio y bajo ninguna excepci\u00f3n se aplicar\u00e1 en un segundo momento. En caso de no presentarte puntualmente al examen los d\u00edas y horarios se\u00f1alados, la cuota de inscripci\u00f3n no ser\u00e1 devuelta ni podr\u00e1 transferirse para ex\u00e1menes posteriores.<\/p>\n<p><strong>Ya hice el examen, \u00bfCu\u00e1ndo puedo saber si lo pas\u00e9?<\/strong><\/p>\n<p>&#8211; Para tu conocimiento los resultados correspondientes a la \u00faltima sesi\u00f3n efectiva se encontrar\u00e1n disponibles en la p\u00e1gina:\u00a0<a href=\"https:\/\/online.unistrasi.it\/riscils.asp\">https:\/\/online.unistrasi.it\/riscils.asp<\/a>\u00a0accediendo con el n\u00famero de matr\u00edcula y fecha de nacimiento. Adem\u00e1s de ver los resultados, se podr\u00e1 descargar el \u201cdocumento di riepilogo\u00bb en formato pdf. El proceso para saber el resultado toma alrededor de 2 a 3 meses y de 5 a 6 meses para que los diplomas lleguen al instituto.<\/p>\n<p><strong>Ya pude ver los resultados y pas\u00e9 el examen, antes de que env\u00eden los certificados, \u00bfEl Instituto podr\u00eda darme una constancia donde se se\u00f1ala que si aprob\u00e9 el nivel?<\/strong><\/p>\n<p>&#8211;\u00a0 El Instituto Italiano de Cultura es sede de aplicaci\u00f3n de ex\u00e1menes sin embargo podemos expedir ninguna constancia de los ex\u00e1menes CILS, dado que es de uso y responsabilidad exclusiva de la Universidad para Extranjeros de Siena en Italia.<\/p>\n<p><strong>\u00bfCu\u00e1ndo me mandan a mi casa el certificado CILS?<\/strong><\/p>\n<p>&#8211; Te avisamos que el Instituto Italiano de Cultura no env\u00eda los certificados a domicilios privados. Deber\u00e1s llamar y verificar que haya llegado a nuestras oficinas. Puedes pasar a recogerlo con una copia de tu INE o Pasaporte. Ten en cuenta que conservamos el certificado solamente un a\u00f1o. Despu\u00e9s de este periodo si los candidatos no recogen sus certificados, estos ser\u00e1n destruidos y deber\u00e1n hacer las gestiones directamente con la Universidad de Siena para recogerlos.<\/p>\n<p>&nbsp;<\/p>\n<p>A t e n t a m e n t e<\/p>\n<p>Dr. Gianni Vinciguerra<\/p>\n<p>DIRECTOR DEL ISTITUTO ITALIANO DI CULTURA<\/p>\n<p><span class=\"titoloCategoria\"><br \/>\n<\/span><strong>Para mayores informes:<\/strong>\u00a0<a href=\"mailto:cursos.iicmessico@esteri.it\">corsi.iicmessico@esteri.it<\/a><\/p>\n<p>&nbsp;<\/p>\n<p><strong>Certificado de Italiano como Lengua Extranjera<\/strong><\/p>\n<p>Examen oficial reconocido por el Gobierno Italiano y por el Consejo Europeo. EL CILS &#8211; Certificado de Italiano como Lengua Extranjera &#8211; es el t\u00edtulo oficial que declara el grado de habilidad ling\u00fc\u00edstica y comunicativa del italiano como lengua extranjera. El Certificado CILS es un t\u00edtulo de estudio expedido por la Universit\u00e0 per Stranieri di Siena www.unistrasi.it seg\u00fan los t\u00e9rminos de la ley del 17 de febrero, 1992 n. 204 y de acuerdo con la convenci\u00f3n con el Ministerio de Relaciones Exteriores de Italia del 12 de enero, 1993.<\/p>\n<p>Los niveles CILS<br \/>\nExisten 4 niveles CILS: Nivel UNO , Nivel DOS , Nivel TRES y Nivel CUATRO , cada uno de los cuales supone un manejo ling\u00fc\u00edstico y comunicativo m\u00e1s alto, seg\u00fan los par\u00e1metros previstos en el documento del Consejo de Europa titulado: Modern Languages: Learning, Teaching, Assessment. A Common European Framework of Reference (1996). Para obtener el Certificado en uno de los cuatro niveles es necesario aprobar un examen que consta de cinco partes, que incluyen una prueba auditiva, otra de comprensi\u00f3n de lectura, una de an\u00e1lisis de las estructuras de la comunicaci\u00f3n, una prueba de producci\u00f3n escrita y otra de producci\u00f3n oral. Durante el a\u00f1o 2001, adem\u00e1s, se han agregado dos niveles PRE-CILS: A1 y A2 , destinados a quienes necesiten un certificado de italiano L2, a\u00fan en una fase inicial del proceso de aprendizaje del idioma.<\/p>\n<p>Destinatarios<br \/>\nEl CILS est\u00e1 destinado a aquellos ciudadanos extranjeros o italianos residentes en el exterior. Para poder presentarse al examen no es necesario poseer t\u00edtulos de estudio en particular, ni haber aprobado un examen CILS de un nivel inferior. Las pruebas CILS no est\u00e1n ligadas a ning\u00fan m\u00e9todo en particular o a alg\u00fan curso de italiano en particular.<\/p>\n<p>Uso del certificado<br \/>\nEl CILS sirve a quien estudia italiano, a quien trabaja y estudia en contacto con la realidad italiana, a quien quiere medir la propia capacidad en italiano. Cada nivel del CILS atestigua una capacidad comunicativa que se emplea en situaciones y contextos diversos. El reconocimiento de cada nivel de certificaci\u00f3n para los extranjeros que quieren desarrollar actividades en relaci\u00f3n con instituciones italianas (en \u00e1mbitos profesionales y de estudio) es otorgado por el documento del Ministerio de Asuntos Exteriores, Sistema coordinado de Certificaziones de italiano para extranjeros, Roma, 1998.<\/p>\n<p>El nivel UNO y el nivel DOS garantizan la capacidad de comunicarse con autonom\u00eda en las situaciones cotidianas.<\/p>\n<p>El nivel DOS permite afrontar una mayor variedad de situaciones, siempre t\u00edpicas de la vida cotidiana. Es el nivel que permite inscribirse a las Universidades italianas sin deber presentar la prueba de conocimiento de lengua italiana.<\/p>\n<p>El nivel TRES permite comunicarse en situaciones cotidianas y tambi\u00e9n en di\u00e1logos formales de tipo p\u00fablico y en los informes de trabajo.<\/p>\n<p>El nivel CUATRO comprueba la capacidad comunicativa que debe tener un extranjero para utilizar la lengua italiana en el \u00e1mbito profesional: por ejemplo, es el nivel adecuado para ense\u00f1ar el italiano como L2. Muchas empresas italianas que operan al exterior o que quieren captar personal extranjero, o empresas extranjeras que tienen contactos comerciales con Italia, solicitan a los propios dependientes una de las certificaciones CILS, con base a las funciones laborales que deber\u00e1n llevar a cabo.<\/p>\n<p>Las pruebas y la evaluaci\u00f3n<br \/>\nTodas las pruebas son elaboradas y evaluadas en el Centro de Certificaciones de la Universit\u00e0 per Stranieri di Siena con base al par\u00e1metro europeo establecido en documentos del Consejo Europeo. Cada una de las 5 habilidades es valuada con 20 puntos. Para cada habilidad se debe obtener el puntaje m\u00ednimo de 11 puntos. El puntaje total m\u00e1ximo acumulable es de 100 puntos. El puntaje m\u00ednimo posible es de 55 puntos. Para obetener la certificaci\u00f3n CILS el candidato debe obtener el puntaje m\u00ednimo de cada habilidad. Si el candidato obtiene el puntaje m\u00ednimo s\u00f3lo en algunas habilidades, el resultado obtenido es capitalizable: es decir, en un examen sucesivo el candidato puede presentar las pruebas relativas a las habilidades no superadas anteriormente. Las habilidades capitalizadas tienen validez por un a\u00f1o a partir del primer examen sostenido.<\/p>\n","protected":false},"excerpt":{"rendered":"Examen para la Certificaci\u00f3n del\u00a0Italiano como Lengua Extranjera (CILS) UNIVERSITA&#8217; PER STRANIERI DI SIENA, ITALIA 17 DE JUNIO DE 2026 Te informamos que el mi\u00e9rcoles 17 DE JUNIO DE 2026 \u00a0(de 8:30 a 18:00 Hrs.) se efectuar\u00e1n los ex\u00e1menes para la Certificaci\u00f3n del Italiano como Lengua Extranjera (CILS) en El Instituto Italiano de Cultura ubicado [&hellip;]","protected":false},"author":5,"featured_media":0,"parent":124,"menu_order":0,"comment_status":"closed","ping_status":"closed","template":"","meta":{"footnotes":""},"class_list":["post-273","page","type-page","status-publish","hentry"],"_links":{"self":[{"href":"https:\/\/iicmessico.esteri.it\/es\/wp-json\/wp\/v2\/pages\/273","targetHints":{"allow":["GET"]}}],"collection":[{"href":"https:\/\/iicmessico.esteri.it\/es\/wp-json\/wp\/v2\/pages"}],"about":[{"href":"https:\/\/iicmessico.esteri.it\/es\/wp-json\/wp\/v2\/types\/page"}],"author":[{"embeddable":true,"href":"https:\/\/iicmessico.esteri.it\/es\/wp-json\/wp\/v2\/users\/5"}],"replies":[{"embeddable":true,"href":"https:\/\/iicmessico.esteri.it\/es\/wp-json\/wp\/v2\/comments?post=273"}],"version-history":[{"count":6,"href":"https:\/\/iicmessico.esteri.it\/es\/wp-json\/wp\/v2\/pages\/273\/revisions"}],"predecessor-version":[{"id":4742,"href":"https:\/\/iicmessico.esteri.it\/es\/wp-json\/wp\/v2\/pages\/273\/revisions\/4742"}],"up":[{"embeddable":true,"href":"https:\/\/iicmessico.esteri.it\/es\/wp-json\/wp\/v2\/pages\/124"}],"wp:attachment":[{"href":"https:\/\/iicmessico.esteri.it\/es\/wp-json\/wp\/v2\/media?parent=273"}],"curies":[{"name":"wp","href":"https:\/\/api.w.org\/{rel}","templated":true}]}}