{"id":39,"date":"2023-03-06T16:19:16","date_gmt":"2023-03-06T15:19:16","guid":{"rendered":"https:\/\/iicmessico.esteri.it\/notizie\/"},"modified":"2023-03-07T15:57:21","modified_gmt":"2023-03-07T14:57:21","slug":"notizie","status":"publish","type":"page","link":"https:\/\/iicmessico.esteri.it\/es\/notizie\/","title":{"rendered":"Noticias"},"content":{"rendered":"        <div class=\"row\">\n\t\t\t<!-- Ricerca sedi post -->\n\t\t\t<div class=\"col-12 mt-4\">\n\t\t\t  <div class=\"callout callout-highlight note ricerca-esteri p-4\">\n                    <div class=\"callout-title\">\n                        <svg class=\"icon\">\n                            <use xlink:href=\"https:\/\/iicmessico.esteri.it\/wp-content\/themes\/sedi-tema\/assets\/svg\/sprites.svg#it-search\"><\/use>\n                        <\/svg>Introduzca sus par\u00e1metros de b\u00fasqueda                    <\/div>\n                    <form id=\"searchFormPost\" name=\"form-search-post\" class=\"form-row align-items-center\" action=\"https:\/\/iicmessico.esteri.it\/es\/wp-json\/wp\/v2\/pages\/39\/\" method=\"GET\"> \n                        <!-- <div class=\"form-group pt-5\"> -->\n                            <!-- <input type=\"hidden\" id=\"lang\" name=\"lang\" value=\"\"> --> <!-- <\/div> -->\n\n                        <div class=\"it-datepicker-wrapper\">\n                            <div class=\"row\">\n                                <div class=\"form-group col-md-6\">\n                                    <label class=\"active\" for=\"date-init\">Desde el<\/label>\n                                    <input class=\"form-control\" name=\"date-init\" id=\"date-init\" type=\"date\" placeholder=\"gg\/mm\/aaaa\" value=\"\"lang=\"en-EN\">  \n                                <\/div>\n                                <div class=\"form-group col-md-6\">\n                                    <label class=\"active\" for=\"date-end\">Hasta el<\/label>\n                                    <input class=\"form-control\" name=\"date-end\" id=\"date-end\" type=\"date\" placeholder=\"gg\/mm\/aaaa\" value=\"\">\n                                <\/div>\n                            <\/div>\n                        <\/div>\n                        <div class=\"form-group col-md-12 mt-3\">\n                            <label for=\"searchText\">Campo de b\u00fasqueda libre<\/label>\n                            <input type=\"text\" name=\"searchText\" class=\"form-control\" id=\"searchText\" value=\"\">\n                        <\/div>\n                        <div class=\"form-group col-md-4 offset-md-8 text-end\">\n                            <a href=\"https:\/\/iicmessico.esteri.it\/es\/notizie\/\" title=\"Form reset\" id=\"resetImput\" class=\"btn btn-outline-primary btn-xs\">Reset<\/a>\n                            <button type=\"submit\" class=\"btn btn-primary btn-xs\">Mostrar resultados<\/button>\n                        <\/div>\n                    <\/form>\n\t\t\t\t<\/div>\n\t\t\t<\/div>\n\t\t<\/div>\n                    \n            <div class=\"row\">\n                            <div class=\"col-12 mt-3\">\n                <!--start card-->\n                <div class=\"card-wrapper card-space\">\n                    <div class=\"card card-bg card-big border-bottom-card\">\n                        <div class=\"card-body \">\n                                                        <div class=\"category-top\">\n                                                                                                            <span class=\"\">\n                                        <svg class=\"icon icon-secondary\">\n                                            <use xlink:href=\"https:\/\/iicmessico.esteri.it\/wp-content\/themes\/sedi-tema\/assets\/svg\/sprites.svg#it-calendar\"><\/use>\n                                        <\/svg> 16 abril 2026                                    <\/span>\n                                                                    <\/div>\n                            <h5 class=\"card-title big-heading text-uppercase\"><a class=\"text-body text-decoration-none\" href=\"https:\/\/iicmessico.esteri.it\/es\/news\/dall_istituto\/2026\/04\/aviso-de-investigacion-de-mercado-para-la-identificacion-de-una-agencia-de-viajes-para-la-realizacion-del-servicio-de-emision-de-boletos-aereos-y-traslados-para-los-artistas-y-conferencistas-invitado\/\" title=\"Aviso de Investigaci\u00f3n de Mercado  para la identificaci\u00f3n de una agencia de viajes para la realizaci\u00f3n del servicio de emisi\u00f3n de boletos a\u00e9reos y traslados para los artistas y conferencistas invitados a la Feria Internacional del Libro de Guadalajara 2026\">Aviso de Investigaci\u00f3n de Mercado  para la identificaci\u00f3n de una agencia de viajes para la realizaci\u00f3n del servicio de emisi\u00f3n de boletos a\u00e9reos y traslados para los artistas y conferencistas invitados a la Feria Internacional del Libro de Guadalajara 2026<\/a><\/h5>\n                            <p class=\"card-text\">Aviso de Investigaci\u00f3n de Mercado conforme al art. 50, capitulo 1 (letras A y B), del Decreto Legislativo 36\/2023 y sus modificaciones e integraciones, para la identificaci\u00f3n de una agencia de viajes para la realizaci\u00f3n del servicio de emisi\u00f3n de boletos a\u00e9reos y traslados para los artistas y conferencistas invitados a la Feria Internacional del [&hellip;]<\/p>\n                                <a title=\"Aviso de Investigaci\u00f3n de Mercado  para la identificaci\u00f3n de una agencia de viajes para la realizaci\u00f3n del servicio de emisi\u00f3n de boletos a\u00e9reos y traslados para los artistas y conferencistas invitados a la Feria Internacional del Libro de Guadalajara 2026\" class=\"read-more\" href=\"https:\/\/iicmessico.esteri.it\/es\/news\/dall_istituto\/2026\/04\/aviso-de-investigacion-de-mercado-para-la-identificacion-de-una-agencia-de-viajes-para-la-realizacion-del-servicio-de-emision-de-boletos-aereos-y-traslados-para-los-artistas-y-conferencistas-invitado\/\">\n                                    <span class=\"text\">Lee mas<\/span>\n                                    <svg class=\"icon\">\n                                    <use xlink:href=\"https:\/\/iicmessico.esteri.it\/wp-content\/themes\/sedi-tema\/assets\/svg\/sprites.svg#it-arrow-right\"><\/use>\n                                    <\/svg>\n                                <\/a>\n                                                    <\/div>\n                    <\/div>\n                <\/div>\n                <!--end card-->\n                <\/div><!-- col-12 .mt-3-->\n                            <div class=\"col-12 mt-3\">\n                <!--start card-->\n                <div class=\"card-wrapper card-space\">\n                    <div class=\"card card-bg card-big border-bottom-card\">\n                        <div class=\"card-body \">\n                                                        <div class=\"category-top\">\n                                                                                                            <span class=\"\">\n                                        <svg class=\"icon icon-secondary\">\n                                            <use xlink:href=\"https:\/\/iicmessico.esteri.it\/wp-content\/themes\/sedi-tema\/assets\/svg\/sprites.svg#it-calendar\"><\/use>\n                                        <\/svg> 25 marzo 2026                                    <\/span>\n                                                                    <\/div>\n                            <h5 class=\"card-title big-heading text-uppercase\"><a class=\"text-body text-decoration-none\" href=\"https:\/\/iicmessico.esteri.it\/es\/news\/dall_istituto\/2026\/03\/contribuciones-para-las-instituciones-escolares-no-universitarias\/\" title=\"CONTRIBUCIONES PARA LAS INSTITUCIONES ESCOLARES NO UNIVERSITARIAS\">CONTRIBUCIONES PARA LAS INSTITUCIONES ESCOLARES NO UNIVERSITARIAS<\/a><\/h5>\n                            <p class=\"card-text\">Contribuci\u00f3n que otorga el Ministerio de Asuntos Exteriores y de la cooperacion internacional de italia (MAECI) para LAS Instituciones escolares no universitarias y paritarias en el territorio mexicano PARA LA PROMOCI\u00d3N DE LA LENGUA Y LA CULTURA ItALANA. Apoyo para C\u00c1TEDRAS DE ITALIANO, becas y viajes para el perfeccionamiento linguistico. \u00a0 Fecha l\u00edmite para recibir [&hellip;]<\/p>\n                                <a title=\"CONTRIBUCIONES PARA LAS INSTITUCIONES ESCOLARES NO UNIVERSITARIAS\" class=\"read-more\" href=\"https:\/\/iicmessico.esteri.it\/es\/news\/dall_istituto\/2026\/03\/contribuciones-para-las-instituciones-escolares-no-universitarias\/\">\n                                    <span class=\"text\">Lee mas<\/span>\n                                    <svg class=\"icon\">\n                                    <use xlink:href=\"https:\/\/iicmessico.esteri.it\/wp-content\/themes\/sedi-tema\/assets\/svg\/sprites.svg#it-arrow-right\"><\/use>\n                                    <\/svg>\n                                <\/a>\n                                                    <\/div>\n                    <\/div>\n                <\/div>\n                <!--end card-->\n                <\/div><!-- col-12 .mt-3-->\n                            <div class=\"col-12 mt-3\">\n                <!--start card-->\n                <div class=\"card-wrapper card-space\">\n                    <div class=\"card card-bg card-big border-bottom-card\">\n                        <div class=\"card-body \">\n                                                        <div class=\"category-top\">\n                                                                                                            <span class=\"\">\n                                        <svg class=\"icon icon-secondary\">\n                                            <use xlink:href=\"https:\/\/iicmessico.esteri.it\/wp-content\/themes\/sedi-tema\/assets\/svg\/sprites.svg#it-calendar\"><\/use>\n                                        <\/svg> 12 marzo 2026                                    <\/span>\n                                                                    <\/div>\n                            <h5 class=\"card-title big-heading text-uppercase\"><a class=\"text-body text-decoration-none\" href=\"https:\/\/iicmessico.esteri.it\/es\/news\/dall_istituto\/2026\/03\/borse-di-studio-offerte-dal-governo-italiano-a-studenti-stranieri-e-italiani-residenti-allestero-ire\/\" title=\"Borse di studio offerte dal Governo italiano a studenti stranieri e italiani residenti all\u2019estero (IRE)\">Borse di studio offerte dal Governo italiano a studenti stranieri e italiani residenti all\u2019estero (IRE)<\/a><\/h5>\n                            <p class=\"card-text\">Borse di studio offerte dal Governo italiano a studenti stranieri e italiani residenti all\u2019estero (IRE) Il\u00a0Ministero degli Affari Esteri e della Cooperazione Internazionale\u00a0(MAECI)\u00a0offre borse di studio\u00a0in favore di\u00a0studenti stranieri e Italiani Residenti all\u2019Estero (IRE)\u00a0per\u00a0l\u2019anno accademico 2026-2027, con l\u2019obiettivo di favorire la cooperazione in campo culturale, scientifico e tecnologico, la proiezione del sistema economico dell\u2019Italia nel [&hellip;]<\/p>\n                                <a title=\"Borse di studio offerte dal Governo italiano a studenti stranieri e italiani residenti all\u2019estero (IRE)\" class=\"read-more\" href=\"https:\/\/iicmessico.esteri.it\/es\/news\/dall_istituto\/2026\/03\/borse-di-studio-offerte-dal-governo-italiano-a-studenti-stranieri-e-italiani-residenti-allestero-ire\/\">\n                                    <span class=\"text\">Lee mas<\/span>\n                                    <svg class=\"icon\">\n                                    <use xlink:href=\"https:\/\/iicmessico.esteri.it\/wp-content\/themes\/sedi-tema\/assets\/svg\/sprites.svg#it-arrow-right\"><\/use>\n                                    <\/svg>\n                                <\/a>\n                                                    <\/div>\n                    <\/div>\n                <\/div>\n                <!--end card-->\n                <\/div><!-- col-12 .mt-3-->\n                            <div class=\"col-12 mt-3\">\n                <!--start card-->\n                <div class=\"card-wrapper card-space\">\n                    <div class=\"card card-bg card-big border-bottom-card\">\n                        <div class=\"card-body \">\n                                                        <div class=\"category-top\">\n                                                                                                            <span class=\"\">\n                                        <svg class=\"icon icon-secondary\">\n                                            <use xlink:href=\"https:\/\/iicmessico.esteri.it\/wp-content\/themes\/sedi-tema\/assets\/svg\/sprites.svg#it-calendar\"><\/use>\n                                        <\/svg> 25 febrero 2026                                    <\/span>\n                                                                    <\/div>\n                            <h5 class=\"card-title big-heading text-uppercase\"><a class=\"text-body text-decoration-none\" href=\"https:\/\/iicmessico.esteri.it\/es\/news\/dall_istituto\/2026\/02\/convocatoria-solicitud-contribuciones-y-premios-para-la-traduccion\/\" title=\"Convocatoria Solicitud contribuciones y Premios para la traducci\u00f3n\">Convocatoria Solicitud contribuciones y Premios para la traducci\u00f3n<\/a><\/h5>\n                            <p class=\"card-text\">Convocatoria para la presentaci\u00f3n de solicitudes de subvenciones y premios para la difusi\u00f3n del libro italiano mediante la traducci\u00f3n de obras de ficci\u00f3n y no ficci\u00f3n, as\u00ed como para la producci\u00f3n, doblaje y subtitulado de pel\u00edculas, cortometrajes y series de televisi\u00f3n destinadas a la circulaci\u00f3n en los medios de comunicaci\u00f3n de masas. A\u00d1O 2026 PLAZO [&hellip;]<\/p>\n                                <a title=\"Convocatoria Solicitud contribuciones y Premios para la traducci\u00f3n\" class=\"read-more\" href=\"https:\/\/iicmessico.esteri.it\/es\/news\/dall_istituto\/2026\/02\/convocatoria-solicitud-contribuciones-y-premios-para-la-traduccion\/\">\n                                    <span class=\"text\">Lee mas<\/span>\n                                    <svg class=\"icon\">\n                                    <use xlink:href=\"https:\/\/iicmessico.esteri.it\/wp-content\/themes\/sedi-tema\/assets\/svg\/sprites.svg#it-arrow-right\"><\/use>\n                                    <\/svg>\n                                <\/a>\n                                                    <\/div>\n                    <\/div>\n                <\/div>\n                <!--end card-->\n                <\/div><!-- col-12 .mt-3-->\n                            <div class=\"col-12 mt-3\">\n                <!--start card-->\n                <div class=\"card-wrapper card-space\">\n                    <div class=\"card card-bg card-big border-bottom-card\">\n                        <div class=\"card-body \">\n                                                        <div class=\"category-top\">\n                                                                                                            <span class=\"\">\n                                        <svg class=\"icon icon-secondary\">\n                                            <use xlink:href=\"https:\/\/iicmessico.esteri.it\/wp-content\/themes\/sedi-tema\/assets\/svg\/sprites.svg#it-calendar\"><\/use>\n                                        <\/svg> 25 febrero 2026                                    <\/span>\n                                                                    <\/div>\n                            <h5 class=\"card-title big-heading text-uppercase\"><a class=\"text-body text-decoration-none\" href=\"https:\/\/iicmessico.esteri.it\/es\/news\/dall_istituto\/2026\/02\/apoyo-que-otorga-el-ministerio-de-asuntos-exteriores-y-de-lo-cooperacion-internacional-de-italia-maeci-a-instituciones-escolares-primarias-secundarias-preparatorias-y-universidades-en-el-territo\/\" title=\"APOYO QUE OTORGA EL MINISTERIO DE ASUNTOS EXTERIORES Y DE LO COOPERACI\u00d3N INTERNACIONAL DE ITALIA &#8211; MAECI A INSTITUCIONES ESCOLARES (PRIMARIAS, SECUNDARIAS, PREPARATORIAS Y UNIVERSIDADES) EN EL TERRITORIO MEXICANO PARA LA ADQUISICION Y EL ENV\u00cdO GRATUITO DE LIBROS, MATERIAL DID\u00c1CTICO, AUDIO-VISUAL AS\u00cd COMO EN FORMATO DIGITAL, PARA LA ENSE\u00d1ANZA DE LA LENGUA ITALIANA.\">APOYO QUE OTORGA EL MINISTERIO DE ASUNTOS EXTERIORES Y DE LO COOPERACI\u00d3N INTERNACIONAL DE ITALIA &#8211; MAECI A INSTITUCIONES ESCOLARES (PRIMARIAS, SECUNDARIAS, PREPARATORIAS Y UNIVERSIDADES) EN EL TERRITORIO MEXICANO PARA LA ADQUISICION Y EL ENV\u00cdO GRATUITO DE LIBROS, MATERIAL DID\u00c1CTICO, AUDIO-VISUAL AS\u00cd COMO EN FORMATO DIGITAL, PARA LA ENSE\u00d1ANZA DE LA LENGUA ITALIANA.<\/a><\/h5>\n                            <p class=\"card-text\">APOYO QUE OTORGA EL MINISTERIO DE ASUNTOS EXTERIORES Y DE LO COOPERACI\u00d3N INTERNACIONAL DE ITALIA &#8211; MAECI A INSTITUCIONES ESCOLARES (PRIMARIAS, SECUNDARIAS, PREPARATORIAS Y UNIVERSIDADES) EN EL TERRITORIO MEXICANO PARA LA ADQUISICION Y EL ENV\u00cdO GRATUITO DE LIBROS, MATERIAL DID\u00c1CTICO, AUDIO-VISUAL AS\u00cd COMO EN FORMATO DIGITAL, PARA LA ENSE\u00d1ANZA DE LA LENGUA ITALIANA. Fecha l\u00edmite [&hellip;]<\/p>\n                                <a title=\"APOYO QUE OTORGA EL MINISTERIO DE ASUNTOS EXTERIORES Y DE LO COOPERACI\u00d3N INTERNACIONAL DE ITALIA &#8211; MAECI A INSTITUCIONES ESCOLARES (PRIMARIAS, SECUNDARIAS, PREPARATORIAS Y UNIVERSIDADES) EN EL TERRITORIO MEXICANO PARA LA ADQUISICION Y EL ENV\u00cdO GRATUITO DE LIBROS, MATERIAL DID\u00c1CTICO, AUDIO-VISUAL AS\u00cd COMO EN FORMATO DIGITAL, PARA LA ENSE\u00d1ANZA DE LA LENGUA ITALIANA.\" class=\"read-more\" href=\"https:\/\/iicmessico.esteri.it\/es\/news\/dall_istituto\/2026\/02\/apoyo-que-otorga-el-ministerio-de-asuntos-exteriores-y-de-lo-cooperacion-internacional-de-italia-maeci-a-instituciones-escolares-primarias-secundarias-preparatorias-y-universidades-en-el-territo\/\">\n                                    <span class=\"text\">Lee mas<\/span>\n                                    <svg class=\"icon\">\n                                    <use xlink:href=\"https:\/\/iicmessico.esteri.it\/wp-content\/themes\/sedi-tema\/assets\/svg\/sprites.svg#it-arrow-right\"><\/use>\n                                    <\/svg>\n                                <\/a>\n                                                    <\/div>\n                    <\/div>\n                <\/div>\n                <!--end card-->\n                <\/div><!-- col-12 .mt-3-->\n                            <div class=\"col-12 mt-3\">\n                <!--start card-->\n                <div class=\"card-wrapper card-space\">\n                    <div class=\"card card-bg card-big border-bottom-card\">\n                        <div class=\"card-body \">\n                                                        <div class=\"category-top\">\n                                                                                                            <span class=\"\">\n                                        <svg class=\"icon icon-secondary\">\n                                            <use xlink:href=\"https:\/\/iicmessico.esteri.it\/wp-content\/themes\/sedi-tema\/assets\/svg\/sprites.svg#it-calendar\"><\/use>\n                                        <\/svg> 25 febrero 2026                                    <\/span>\n                                                                    <\/div>\n                            <h5 class=\"card-title big-heading text-uppercase\"><a class=\"text-body text-decoration-none\" href=\"https:\/\/iicmessico.esteri.it\/es\/news\/dall_istituto\/2026\/02\/contribucion-para-curso-de-formacion-actualizacion-y-perfeccionamiento-para-docentes-de-lengua-italiana\/\" title=\"CONTRIBUCIONES PARA CURSOS DE FORMACI\u00d3N\/ACTUALIZACI\u00d3N PARA DOCENTES DE ITALIANO EN UNIVERSIDADES EXTRANJERAS\">CONTRIBUCIONES PARA CURSOS DE FORMACI\u00d3N\/ACTUALIZACI\u00d3N PARA DOCENTES DE ITALIANO EN UNIVERSIDADES EXTRANJERAS<\/a><\/h5>\n                            <p class=\"card-text\">CONTRIBUCIONES PARA CURSOS DE FORMACI\u00d3N\/ACTUALIZACI\u00d3N PARA DOCENTES DE ITALIANO EN UNIVERSIDADES EXTRANJERAS Fecha l\u00edmite para recibir las solicitudes: 16 de marzo 2026 \u00a0 \u00bfCu\u00e1l es el objetivo de estas contribuciones? Las contribuciones est\u00e1n destinadas a promover la lengua y la cultura italiana en universidades extranjeras mediante la organizaci\u00f3n de cursos de formaci\u00f3n y actualizaci\u00f3n dirigidos [&hellip;]<\/p>\n                                <a title=\"CONTRIBUCIONES PARA CURSOS DE FORMACI\u00d3N\/ACTUALIZACI\u00d3N PARA DOCENTES DE ITALIANO EN UNIVERSIDADES EXTRANJERAS\" class=\"read-more\" href=\"https:\/\/iicmessico.esteri.it\/es\/news\/dall_istituto\/2026\/02\/contribucion-para-curso-de-formacion-actualizacion-y-perfeccionamiento-para-docentes-de-lengua-italiana\/\">\n                                    <span class=\"text\">Lee mas<\/span>\n                                    <svg class=\"icon\">\n                                    <use xlink:href=\"https:\/\/iicmessico.esteri.it\/wp-content\/themes\/sedi-tema\/assets\/svg\/sprites.svg#it-arrow-right\"><\/use>\n                                    <\/svg>\n                                <\/a>\n                                                    <\/div>\n                    <\/div>\n                <\/div>\n                <!--end card-->\n                <\/div><!-- col-12 .mt-3-->\n                            <div class=\"col-12 mt-3\">\n                <!--start card-->\n                <div class=\"card-wrapper card-space\">\n                    <div class=\"card card-bg card-big border-bottom-card\">\n                        <div class=\"card-body \">\n                                                        <div class=\"category-top\">\n                                                                                                            <span class=\"\">\n                                        <svg class=\"icon icon-secondary\">\n                                            <use xlink:href=\"https:\/\/iicmessico.esteri.it\/wp-content\/themes\/sedi-tema\/assets\/svg\/sprites.svg#it-calendar\"><\/use>\n                                        <\/svg> 19 febrero 2026                                    <\/span>\n                                                                    <\/div>\n                            <h5 class=\"card-title big-heading text-uppercase\"><a class=\"text-body text-decoration-none\" href=\"https:\/\/iicmessico.esteri.it\/es\/news\/dall_istituto\/2026\/02\/contribucion-que-otorga-el-ministerio-de-asuntos-exteriores-y-de-la-cooperacion-internacional-de-italia-maeci-para-apoyar-la-creacion-y-el-funcionamiento-de-catedras-de-italiano-en-las-universidades\/\" title=\"Contribuci\u00f3n que otorga el Ministerio de Asuntos Exteriores y de la Cooperacion Internacional de Italia (MAECI) para apoyar la CREACI\u00d3N Y EL FUNCIONAMIENTO DE C\u00c1TEDRAS DE ITALIANO EN LAS universidades p\u00fablicas y privadas en el territorio mexicano PARA LA PROMOCI\u00d3N DE LA LENGUA Y LA CULTURA ITALIANA.\">Contribuci\u00f3n que otorga el Ministerio de Asuntos Exteriores y de la Cooperacion Internacional de Italia (MAECI) para apoyar la CREACI\u00d3N Y EL FUNCIONAMIENTO DE C\u00c1TEDRAS DE ITALIANO EN LAS universidades p\u00fablicas y privadas en el territorio mexicano PARA LA PROMOCI\u00d3N DE LA LENGUA Y LA CULTURA ITALIANA.<\/a><\/h5>\n                            <p class=\"card-text\">Contribuci\u00f3n que otorga el Ministerio de Asuntos Exteriores y de la Cooperacion Internacional de Italia (MAECI) para apoyar la CREACI\u00d3N Y EL FUNCIONAMIENTO DE C\u00c1TEDRAS DE ITALIANO EN LAS universidades p\u00fablicas y privadas en el territorio mexicano PARA LA PROMOCI\u00d3N DE LA LENGUA Y LA CULTURA ITALIANA. Fecha l\u00edmite para recibir las solicitudes 23 de [&hellip;]<\/p>\n                                <a title=\"Contribuci\u00f3n que otorga el Ministerio de Asuntos Exteriores y de la Cooperacion Internacional de Italia (MAECI) para apoyar la CREACI\u00d3N Y EL FUNCIONAMIENTO DE C\u00c1TEDRAS DE ITALIANO EN LAS universidades p\u00fablicas y privadas en el territorio mexicano PARA LA PROMOCI\u00d3N DE LA LENGUA Y LA CULTURA ITALIANA.\" class=\"read-more\" href=\"https:\/\/iicmessico.esteri.it\/es\/news\/dall_istituto\/2026\/02\/contribucion-que-otorga-el-ministerio-de-asuntos-exteriores-y-de-la-cooperacion-internacional-de-italia-maeci-para-apoyar-la-creacion-y-el-funcionamiento-de-catedras-de-italiano-en-las-universidades\/\">\n                                    <span class=\"text\">Lee mas<\/span>\n                                    <svg class=\"icon\">\n                                    <use xlink:href=\"https:\/\/iicmessico.esteri.it\/wp-content\/themes\/sedi-tema\/assets\/svg\/sprites.svg#it-arrow-right\"><\/use>\n                                    <\/svg>\n                                <\/a>\n                                                    <\/div>\n                    <\/div>\n                <\/div>\n                <!--end card-->\n                <\/div><!-- col-12 .mt-3-->\n            \n            <div class=\"col-md-12 mt-4 pb-4\">\n                <nav class=\"navigation col-md-12\" aria-label=\"Navigation\">\n                    <h2 class=\"screen-reader-text visually-hidden\">Paginaci\u00f3n<\/h2>\n                    <div class=\"nav-links\">\n                                        <\/div>\n                <\/nav>\n            <\/div>   <!--.col-md-12 -->\n              <\/div><!--.row -->\n              \n","protected":false},"excerpt":{"rendered":"","protected":false},"author":3,"featured_media":0,"parent":0,"menu_order":8,"comment_status":"closed","ping_status":"closed","template":"","meta":{"footnotes":""},"class_list":["post-39","page","type-page","status-publish","hentry"],"_links":{"self":[{"href":"https:\/\/iicmessico.esteri.it\/es\/wp-json\/wp\/v2\/pages\/39","targetHints":{"allow":["GET"]}}],"collection":[{"href":"https:\/\/iicmessico.esteri.it\/es\/wp-json\/wp\/v2\/pages"}],"about":[{"href":"https:\/\/iicmessico.esteri.it\/es\/wp-json\/wp\/v2\/types\/page"}],"author":[{"embeddable":true,"href":"https:\/\/iicmessico.esteri.it\/es\/wp-json\/wp\/v2\/users\/3"}],"replies":[{"embeddable":true,"href":"https:\/\/iicmessico.esteri.it\/es\/wp-json\/wp\/v2\/comments?post=39"}],"version-history":[{"count":2,"href":"https:\/\/iicmessico.esteri.it\/es\/wp-json\/wp\/v2\/pages\/39\/revisions"}],"predecessor-version":[{"id":150,"href":"https:\/\/iicmessico.esteri.it\/es\/wp-json\/wp\/v2\/pages\/39\/revisions\/150"}],"wp:attachment":[{"href":"https:\/\/iicmessico.esteri.it\/es\/wp-json\/wp\/v2\/media?parent=39"}],"curies":[{"name":"wp","href":"https:\/\/api.w.org\/{rel}","templated":true}]}}