{"id":90,"date":"2023-03-07T14:39:30","date_gmt":"2023-03-07T13:39:30","guid":{"rendered":"https:\/\/iicmessico.esteri.it\/chi-siamo\/la-sede\/"},"modified":"2023-09-01T18:22:13","modified_gmt":"2023-09-01T16:22:13","slug":"la-sede","status":"publish","type":"page","link":"https:\/\/iicmessico.esteri.it\/es\/chi-siamo\/la-sede\/","title":{"rendered":"La Sede"},"content":{"rendered":"<p>El Instituto Cultural Italiano en la Ciudad de M\u00e9xico fue creado en 1953 (trece a\u00f1os antes de que se firmara el Acuerdo Cultural M\u00e9xico-Italia, ratificado con Decreto Presidencial No. 1364 del 23.08.1966). Su primera ubicaci\u00f3n fue un departamento en la calle Varsovia # 22 bis, en la Zona Rosa, luego a principios de los a\u00f1os 60 se traslad\u00f3 a un edificio en la cercana calle Liverpool, al n\u00famero 88, alquilado \u00edntegramente por el Consulado Italiano (la planta baja era la Oficina Consular, Canciller\u00eda Consular en el primer piso, Oficina Comercial de la Embajada en el segundo piso) donde en el tercer piso el Instituto oper\u00f3 durante unos veinte a\u00f1os. Fue a principios de la d\u00e9cada de 1970 que se decidi\u00f3 adquirir la sede del Instituto y la elecci\u00f3n recay\u00f3 en un prestigioso edificio de planta colonial ubicado en el n\u00famero 77 de la Avenida Francisco Sosa en Coyoac\u00e1n, que anteriormente hab\u00eda sido la residencia del Embajador de Polonia y que a partir de 1955 fue adquirido por el Reino de B\u00e9lgica para convertirlo en la residencia de su Embajador.<\/p>\n<p>Mediante escritura de compraventa entre Italia y B\u00e9lgica, el 9 de junio de 1976 el inmueble fue adquirido por la Rep\u00fablica Italiana para convertirlo en sede del Instituto Italiano de Cultura.<\/p>\n<p>Hoy en d\u00eda el Instituto se encuentra en el coraz\u00f3n de Coyoac\u00e1n, sobre Avenida Francisco Sosa, considerada una de las calles m\u00e1s antiguas de M\u00e9xico, cuyo trazo se remonta al siglo XVI y cuyo nombre a lo largo del tiempo ha sido Camino Real, Real de Santa Catarina, Calzada de Ju\u00e1rez, hasta tomar el nombre actual de Francisco Sosa, famoso escritor, prefecto e historiador, quien vivi\u00f3 a unos pasos del Instituto, en el n\u00famero 38.<\/p>\n<p>En la misma calle se encuentran la Casa del Sol, donde Venustiano Carranza redact\u00f3 parte de la Constituci\u00f3n de 1917; la Casa de Alvarado, donde Octavio Paz vivi\u00f3 sus \u00faltimos a\u00f1os; el Museo de la Acuarela, con obras de Saturnino Herr\u00e1n, F\u00e9lix Parra y Leandro Izaguirre; la Casa de Cultura Jes\u00fas Reyes Heroles, y finalmente, entre otras casas hist\u00f3ricas, la de Diego Ordaz, el capit\u00e1n espa\u00f1ol que acompa\u00f1\u00f3 a Hern\u00e1n Cort\u00e9s.<\/p>\n<p>El edificio, de planta colonial, construido probablemente hacia la segunda mitad del siglo XVIII para albergar un convento de monjas, originalmente formaba parte de un conjunto mayor, de aproximadamente 6.000 m2, que se dividi\u00f3 en dos partes. Contiguo al Instituto en el n\u00fam. 85, a\u00fan se conserva la capilla original del conjunto conventual, hoy habitado por las Misioneras Eucar\u00edsticas Franciscanas, cuyo patio con la mitad restante del lote (aprox. 3.000m2) se vendi\u00f3 a particulares en un momento a\u00fan no especificado.<\/p>\n<p>Con la alternancia de propietarios, se produjeron numerosas renovaciones (como la construcci\u00f3n de una torre cuadrada sobre la escalera de acceso al primer piso durante el per\u00edodo de residencia del Embajador belga) y hoy el edificio parece bastante ecl\u00e9ctico, mezclando elementos de diferentes \u00e9pocas y estilos.<\/p>\n<p>Es probable que el terreno en el que se ubica el Instituto perteneciera a Mar\u00eda de la Concepci\u00f3n Loreto Cabrera de Armidas (San Luis Potos\u00ed, 8 dic. 1862 &#8211; Ciudad de M\u00e9xico, 3 mar. 1937), beatificada en 2019, quien fund\u00f3 en vida cinco institutos religiosos, uno de los cuales a\u00fan existe (el convento de las Misioneras Eucar\u00edsticas Franciscanas), colindando con el IIC.<\/p>\n<p>La fachada del Instituto, formada por un solo edificio de una planta que da a la calle, originalmente de color crema (como la mayor\u00eda de las casas de los pueblos), luego repintada en ocre, es ahora de color rojo ladrillo. Presenta caracter\u00edsticas que se remontan a la arquitectura del siglo XVIII: las caracter\u00edsticas ajaracas mud\u00e9jares, que se encuentran en las fachadas de otras casas de Francisco Sosa, como la Casa de Diego de Ordaz y la Casa de Alvarado. La fachada, muy alterada en las \u00faltimas d\u00e9cadas, presenta hoy una entrada principal y tres ventanas, con marcos de piedra volc\u00e1nica: la ventana central, formada por un marco de piedra de lava, era originalmente el acceso peatonal al edificio, mientras que la entrada actual era el camino reservado a los carruajes.<\/p>\n<p>La fachada est\u00e1 rematada por una balaustrada salpicada de pilares cl\u00e1sicos enlucidos y pintados de blanco, intercalados con \u00abalmenas\u00bb, t\u00edpicas de la arquitectura civil y religiosa hispana, probablemente originales.<\/p>\n<p>El interior, que ha sufrido varias reformas y restauraciones (la \u00faltima realizada en 2001) que han alterado su car\u00e1cter original, hoy dif\u00edcil de leer, conserva en parte la personalidad de una casa mexicana de trazo colonial. El coraz\u00f3n del edificio es un patio rodeado en tres de sus lados por pilares de secci\u00f3n cuadrada coronados por arcos de medio punto, con una fuente en el centro cubierta de azulejos tipo talavera poblana de buena confecci\u00f3n. Alrededor del patio se sit\u00faan las estancias m\u00e1s interesantes, hoy utilizadas como espacios culturales, caracterizadas todav\u00eda por elementos valiosos como grandes chimeneas, vigas de madera y carpinter\u00eda fina: un auditorio, una biblioteca con m\u00e1s de 30.000 vol\u00famenes, dos salas de exposiciones y una antigua cocina de estilo poblano.<\/p>\n<p>El Instituto conserva tambi\u00e9n una colecci\u00f3n de lienzos del siglo XVIII, de temas religiosos y de discreta hechura, tanto en las salas abiertas al p\u00fablico como en el \u00e1rea de oficinas.<\/p>\n<p>El Instituto opera bajo la autoridad del Ministerio de Asuntos Exteriores y Cooperaci\u00f3n Internacional y goza de autonom\u00eda operativa. Su objetivo es promover, apoyar y desarrollar las relaciones entre Italia y M\u00e9xico en los \u00e1mbitos cultural y ling\u00fc\u00edstico. Es sede de numerosos encuentros, debates y eventos culturales, y alberga tambi\u00e9n una biblioteca de unos 30.000 vol\u00famenes e imparte cursos de lengua y cultura italiana.<\/p>\n","protected":false},"excerpt":{"rendered":"El Instituto Cultural Italiano en la Ciudad de M\u00e9xico fue creado en 1953 (trece a\u00f1os antes de que se firmara el Acuerdo Cultural M\u00e9xico-Italia, ratificado con Decreto Presidencial No. 1364 del 23.08.1966). Su primera ubicaci\u00f3n fue un departamento en la calle Varsovia # 22 bis, en la Zona Rosa, luego a principios de los a\u00f1os [&hellip;]","protected":false},"author":3,"featured_media":0,"parent":60,"menu_order":2,"comment_status":"closed","ping_status":"closed","template":"","meta":{"footnotes":""},"class_list":["post-90","page","type-page","status-publish","hentry"],"_links":{"self":[{"href":"https:\/\/iicmessico.esteri.it\/es\/wp-json\/wp\/v2\/pages\/90","targetHints":{"allow":["GET"]}}],"collection":[{"href":"https:\/\/iicmessico.esteri.it\/es\/wp-json\/wp\/v2\/pages"}],"about":[{"href":"https:\/\/iicmessico.esteri.it\/es\/wp-json\/wp\/v2\/types\/page"}],"author":[{"embeddable":true,"href":"https:\/\/iicmessico.esteri.it\/es\/wp-json\/wp\/v2\/users\/3"}],"replies":[{"embeddable":true,"href":"https:\/\/iicmessico.esteri.it\/es\/wp-json\/wp\/v2\/comments?post=90"}],"version-history":[{"count":7,"href":"https:\/\/iicmessico.esteri.it\/es\/wp-json\/wp\/v2\/pages\/90\/revisions"}],"predecessor-version":[{"id":269,"href":"https:\/\/iicmessico.esteri.it\/es\/wp-json\/wp\/v2\/pages\/90\/revisions\/269"}],"up":[{"embeddable":true,"href":"https:\/\/iicmessico.esteri.it\/es\/wp-json\/wp\/v2\/pages\/60"}],"wp:attachment":[{"href":"https:\/\/iicmessico.esteri.it\/es\/wp-json\/wp\/v2\/media?parent=90"}],"curies":[{"name":"wp","href":"https:\/\/api.w.org\/{rel}","templated":true}]}}