{"id":1592,"date":"2023-09-13T20:01:03","date_gmt":"2023-09-13T18:01:03","guid":{"rendered":"https:\/\/iicmessico.esteri.it\/?page_id=1592"},"modified":"2024-09-12T17:11:50","modified_gmt":"2024-09-12T15:11:50","slug":"residenze-artistiche","status":"publish","type":"page","link":"https:\/\/iicmessico.esteri.it\/it\/chi-siamo\/la-sede\/residenze-artistiche\/","title":{"rendered":"Residenze artistiche"},"content":{"rendered":"<p><strong>LINGUE SORELLE <\/strong><\/p>\n<p><strong>PROGETTO DI RESIDENZA E MOSTRA<\/strong><\/p>\n<p>Il progetto di residenza per artisti contemporanei &#8220;Lingue sorelle&#8221;, coprodotto da Error, dall&#8217;Istituto Italiano di Cultura di Citt\u00e0 del Messico e dall&#8217;Ambasciata d&#8217;Italia in Messico, \u00e8 in corso dal 2022.<\/p>\n<p>Il progetto LINGUE SORELLE mira a creare un&#8217;opportunit\u00e0 di mobilit\u00e0 per artisti italiani che favorisca la ricerca nel contesto di Citt\u00e0 del Messico, la produzione di un nuovo corpo di lavoro da parte dell&#8217;artista residente e lo sviluppo di una rete di relazioni con la scena artistica contemporanea della citt\u00e0 ospitante.<\/p>\n<p><strong>\u00a0<\/strong><\/p>\n<p>\u2018Lingue sorelle\u2019 propone una riflessione congiunta sul concetto di traduzione basata sulla ricerca di metodi, codici, parole che approfondiscono esperienze poetiche e linguistiche, nonch\u00e9 linguaggi visivi o metodi di trasmissione culturale. Questo progetto propone la ricerca di incontri fortuiti o provocati per dare luogo alla costruzione, alla lettura o all&#8217;interpretazione di linguaggi di mediazione, attivati da pratiche collaborative e partecipative. In questo senso, intendiamo pensare al concetto di linguaggio come a una possibilit\u00e0 di comunicazione la cui efficacia non \u00e8 contraddetta dall&#8217;incomprensione. Con questo obiettivo, sono stati selezionati una serie di artisti il cui lavoro ha esplorato pratiche molto diverse in cui la ricerca di un&#8217;interpretazione (di un archivio, di interviste, dei risultati di un lavoro sul campo&#8230;) e il concetto di traduzione hanno portato a modi di pensare collettivamente attraverso scritti ed eventi collaborativi.<\/p>\n<p>Il progetto si rivolge ad artisti a met\u00e0 carriera il cui lavoro \u00e8 identificato da una particolare sensibilit\u00e0 e interesse per la ricerca e la pratica contestuale, che possono incorporare gli stimoli offerti dal Paese ospitante per dare vita a pratiche, opere e progetti soprattutto in collaborazione con artisti, ricercatori o altri attori locali.<\/p>\n<p>In particolare, a ogni artista selezionato viene offerta l&#8217;opportunit\u00e0 di lavorare sulla base di una collaborazione specifica che viene identificata e concordata prima dell&#8217;arrivo, sulla base di un tema che l&#8217;artista desidera esplorare durante la residenza. Il processo di ogni artista \u00e8 suddiviso in una fase di ricerca, seguita dalla produzione e dalla presentazione all&#8217;IIC del corpo di lavoro creato durante la residenza, eventualmente in dialogo con opere di un altro artista messicano o con base in Messico. Tutte le fasi della residenza sono accompagnate dalle istituzioni invitate e dal team di ERROR.<\/p>\n<p><strong>\u00a0<\/strong><\/p>\n<p>Nel <strong>2022<\/strong> si sono tenute quattro residenze artistiche:<\/p>\n<ul>\n<li><a href=\"https:\/\/iicmessico.esteri.it\/wp-content\/uploads\/2023\/09\/Scheda-Elisa-Caldana-IT.docx.pdf\">Capitolo 1: <strong>Elisa Caldana<\/strong>, giugno 2022.<\/a><\/li>\n<li><a href=\"https:\/\/iicmessico.esteri.it\/wp-content\/uploads\/2023\/09\/Scheda-Giulia-Bruno-IT.pdf\">Capitolo 2: <strong>Giulia Bruno<\/strong>, agosto 2022.<\/a><\/li>\n<li><a href=\"https:\/\/iicmessico.esteri.it\/wp-content\/uploads\/2023\/09\/Scheda-Museo-Wunderkammer-IT.pdf\">Capitolo 3: <strong>Wunderkammer Museum<\/strong>, novembre 2022.<\/a><\/li>\n<li><a href=\"https:\/\/iicmessico.esteri.it\/wp-content\/uploads\/2023\/09\/Scheda-Riccardo-Arena-IT.pdf\">Capitolo 4: <strong>Riccardo Arena<\/strong>, dicembre 2022.<\/a><\/li>\n<\/ul>\n<p><strong>\u00a0<\/strong><\/p>\n<p>Nel<strong> 2023: <\/strong><\/p>\n<ul>\n<li>Capitolo 5: <strong>Marta Roberti<\/strong>, aprile 2023.<\/li>\n<li>Capitolo 6: <strong>Caterina Erica Shanta<\/strong>, giugno 2023.<\/li>\n<li>Capitolo 7: <strong>Gaia Martino<\/strong>, settembre 2023.<\/li>\n<li>Capitolo 8: <strong>Claudia Losi<\/strong>, ottobre 2023.<\/li>\n<\/ul>\n<p>&nbsp;<\/p>\n<p>Nel<strong> 2024<\/strong>:<\/p>\n<ul>\n<li>Capitolo 9: <strong>Laura Pugno<\/strong>, luglio 2024<\/li>\n<li>Capitolo 10: <strong>Francesco Pedrini<\/strong>, agosto 2024<\/li>\n<li>Capitolo 11: <strong>Alessia Armeni<\/strong>, settembre 2024<\/li>\n<li>Capitolo 12: <strong>Isabella Bordoni<\/strong>, novembre 2024<\/li>\n<\/ul>\n","protected":false},"excerpt":{"rendered":"LINGUE SORELLE PROGETTO DI RESIDENZA E MOSTRA Il progetto di residenza per artisti contemporanei &#8220;Lingue sorelle&#8221;, coprodotto da Error, dall&#8217;Istituto Italiano di Cultura di Citt\u00e0 del Messico e dall&#8217;Ambasciata d&#8217;Italia in Messico, \u00e8 in corso dal 2022. Il progetto LINGUE SORELLE mira a creare un&#8217;opportunit\u00e0 di mobilit\u00e0 per artisti italiani che favorisca la ricerca nel [&hellip;]","protected":false},"author":5,"featured_media":0,"parent":66,"menu_order":0,"comment_status":"closed","ping_status":"closed","template":"","meta":{"footnotes":""},"class_list":["post-1592","page","type-page","status-publish","hentry"],"_links":{"self":[{"href":"https:\/\/iicmessico.esteri.it\/it\/wp-json\/wp\/v2\/pages\/1592","targetHints":{"allow":["GET"]}}],"collection":[{"href":"https:\/\/iicmessico.esteri.it\/it\/wp-json\/wp\/v2\/pages"}],"about":[{"href":"https:\/\/iicmessico.esteri.it\/it\/wp-json\/wp\/v2\/types\/page"}],"author":[{"embeddable":true,"href":"https:\/\/iicmessico.esteri.it\/it\/wp-json\/wp\/v2\/users\/5"}],"replies":[{"embeddable":true,"href":"https:\/\/iicmessico.esteri.it\/it\/wp-json\/wp\/v2\/comments?post=1592"}],"version-history":[{"count":2,"href":"https:\/\/iicmessico.esteri.it\/it\/wp-json\/wp\/v2\/pages\/1592\/revisions"}],"predecessor-version":[{"id":3921,"href":"https:\/\/iicmessico.esteri.it\/it\/wp-json\/wp\/v2\/pages\/1592\/revisions\/3921"}],"up":[{"embeddable":true,"href":"https:\/\/iicmessico.esteri.it\/it\/wp-json\/wp\/v2\/pages\/66"}],"wp:attachment":[{"href":"https:\/\/iicmessico.esteri.it\/it\/wp-json\/wp\/v2\/media?parent=1592"}],"curies":[{"name":"wp","href":"https:\/\/api.w.org\/{rel}","templated":true}]}}