{"id":21,"date":"2023-08-24T16:13:15","date_gmt":"2023-08-24T14:13:15","guid":{"rendered":"https:\/\/iicmessico.esteri.it\/?page_id=21"},"modified":"2023-09-12T19:35:19","modified_gmt":"2023-09-12T17:35:19","slug":"chi-siamo","status":"publish","type":"page","link":"https:\/\/iicmessico.esteri.it\/it\/chi-siamo\/","title":{"rendered":"Chi siamo"},"content":{"rendered":"<p><img decoding=\"async\" class=\"alignnone size-medium wp-image-18 img-fluid\" src=\"https:\/\/iicmessico.esteri.it\/wp-content\/uploads\/2023\/03\/iiccittamessico.jpg\" alt=\"IIC Citt\u00e0 del Messico\" width=\"400\" srcset=\"https:\/\/iicmessico.esteri.it\/wp-content\/uploads\/2023\/03\/iiccittamessico.jpg 400w, https:\/\/iicmessico.esteri.it\/wp-content\/uploads\/2023\/03\/iiccittamessico-300x225.jpg 300w\" sizes=\"(max-width: 400px) 100vw, 400px\" \/><\/p>\n<p>L\u2019Istituto Italiano di Cultura (IIC) di Citt\u00e0 del Messico \u00e8 un ufficio all\u2019estero del <a href=\"https:\/\/www.esteri.it\/it\/\"><u>Ministero degli Affari Esteri e della Cooperazione Internazionale<\/u><\/a> dedicato alla promozione della lingua e della cultura italiana in Messico.<\/p>\n<p>Situato nella suggestiva Avenida Francisco Sosa, considerata una delle strade pi\u00f9 belle del Messico, a pochi passi dalla piazza di Coyoac\u00e1n, l\u2019Istituto \u00e8 punto di riferimento nella vasta e vivace rete culturale della citt\u00e0 e del territorio di competenza. Opera come centro per la diffusione e il sostegno alla creativit\u00e0 italiana contemporanea ed \u00e8 luogo ideale di incontro e dialogo tra Italia e Messico attraverso lo scambio di idee e la promozione di nuove collaborazioni artistiche, musicali e accademiche.<\/p>\n<p>Concerti, mostre, spettacoli, festival e rassegne cinematografiche, incontri letterari, convegni e laboratori sono alcune delle attivit\u00e0 organizzate dall\u2019Istituto per avvicinare e far vivere la cultura italiana in Messico. Gli eventi si svolgono presso sia presso i nostri spazi che in collaborazione con le principali istituzioni locali, in altri luoghi della citt\u00e0 e dell\u2019ampio territorio di competenza.<\/p>\n<p>Vivere la cultura italiana vuol dire anche imparare l\u2019italiano. L\u2019Istituto offre corsi di lingua italiana per tutti i livelli impartiti da qualificati insegnanti madre lingua ed \u00e8 sede di svolgimento degli esami per ottenere la Certificazione di Italiano come Lingua Straniera, rilasciata dalle Universit\u00e0 per Stranieri di Siena e di Perugia.<\/p>\n<p>L\u2019Istituto accoglie inoltre la biblioteca \u201cGaspara Stampa\u201d, la pi\u00f9 grande biblioteca italiana in Messico, a disposizione del pubblico per la consultazione di libri e DVD italiani.<\/p>\n<p>L\u2019Istituto fa parte della rete <a href=\"https:\/\/eunic.eu\/projects\/flash-act\"><u>EUNIC Mexico Cluster<\/u><\/a> (European Union National Institutes for Culture).<\/p>\n<p>Vivi la cultura italiana con noi!<\/p>\n","protected":false},"excerpt":{"rendered":"L\u2019Istituto Italiano di Cultura (IIC) di Citt\u00e0 del Messico \u00e8 un ufficio all\u2019estero del Ministero degli Affari Esteri e della Cooperazione Internazionale dedicato alla promozione della lingua e della cultura italiana in Messico. Situato nella suggestiva Avenida Francisco Sosa, considerata una delle strade pi\u00f9 belle del Messico, a pochi passi dalla piazza di Coyoac\u00e1n, l\u2019Istituto [&hellip;]","protected":false},"author":3,"featured_media":0,"parent":0,"menu_order":2,"comment_status":"closed","ping_status":"closed","template":"","meta":{"footnotes":""},"class_list":["post-21","page","type-page","status-publish","hentry"],"_links":{"self":[{"href":"https:\/\/iicmessico.esteri.it\/it\/wp-json\/wp\/v2\/pages\/21","targetHints":{"allow":["GET"]}}],"collection":[{"href":"https:\/\/iicmessico.esteri.it\/it\/wp-json\/wp\/v2\/pages"}],"about":[{"href":"https:\/\/iicmessico.esteri.it\/it\/wp-json\/wp\/v2\/types\/page"}],"author":[{"embeddable":true,"href":"https:\/\/iicmessico.esteri.it\/it\/wp-json\/wp\/v2\/users\/3"}],"replies":[{"embeddable":true,"href":"https:\/\/iicmessico.esteri.it\/it\/wp-json\/wp\/v2\/comments?post=21"}],"version-history":[{"count":5,"href":"https:\/\/iicmessico.esteri.it\/it\/wp-json\/wp\/v2\/pages\/21\/revisions"}],"predecessor-version":[{"id":197,"href":"https:\/\/iicmessico.esteri.it\/it\/wp-json\/wp\/v2\/pages\/21\/revisions\/197"}],"wp:attachment":[{"href":"https:\/\/iicmessico.esteri.it\/it\/wp-json\/wp\/v2\/media?parent=21"}],"curies":[{"name":"wp","href":"https:\/\/api.w.org\/{rel}","templated":true}]}}