{"id":225,"date":"2023-08-25T23:37:22","date_gmt":"2023-08-25T21:37:22","guid":{"rendered":"https:\/\/iicmessico.esteri.it\/?page_id=225"},"modified":"2025-11-07T21:10:33","modified_gmt":"2025-11-07T20:10:33","slug":"concessione-di-spazi-ad-uso-temporaneo","status":"publish","type":"page","link":"https:\/\/iicmessico.esteri.it\/it\/chi-siamo\/la-sede\/concessione-di-spazi-ad-uso-temporaneo\/","title":{"rendered":"Concessioni ad uso temporaneo degli spazi"},"content":{"rendered":"<p><strong>Concessioni ad uso temporaneo degli spazi dell\u2019Istituto italiano di cultura<\/strong><\/p>\n<p>L\u2019Istituto italiano di cultura di Citt\u00e0 del Messico propone le seguenti prestazioni soggette a contributo (ved. dir. P.C.M. 20 dicembre 1999 e D.P.R. n. 54\/2010):<\/p>\n<p>\u2013 concessione ad uso temporaneo dei locali per lo svolgimento di attivit\u00e0 congressuali, culturali e scientifiche;<\/p>\n<p>\u2013 concessione ad uso temporaneo dei locali, o degli spazi, per attivit\u00e0 commerciali;<\/p>\n<p>\u2013 concessione ad uso temporaneo degli spazi espositivi per la promozione commerciale, culturale e scientifica;<\/p>\n<p>&nbsp;<\/p>\n<p>L\u2019Istituto dispone di:<\/p>\n<ul>\n<li>Aula dotata di lavagna elettronica, capienza massima 25 persone<\/li>\n<li>Auditorio dotato di sistema wi-fi, lettore CD\/DVD, proiettore, amplificatore, casse acustiche, con una capienza di circa 100 posti a sedere <a href=\"https:\/\/iicmessico.esteri.it\/wp-content\/uploads\/2023\/08\/FICHA-TECNICA.pdf\">(vedere <u>scheda tecnica<\/u>)<\/a>. Nella sala \u00e8 presente inoltre un pianoforte Fazioli, riservato ad uso professionale: \u00e8 possibile includere l\u2019utilizzo dello strumento nella concessione per concerti con musicisti di comprovata esperienza. Non \u00e8 consentito l\u2019utilizzo per saggi scolastici.<\/li>\n<li>Chiostro porticato, con una capienza di circa 130 persone.<\/li>\n<li>Grande giardino, con una capienza di circa 500 persone.<\/li>\n<\/ul>\n<p>Invitiamo dunque i soggetti interessati ai nostri spazi a contattarci al seguente indirizzo email: <a href=\"mailto:contabilita.iicmessico@esteri.it\">contabilita.iicmessico@esteri.it<\/a> o telefonare al +52 5555540044, interno 122.<\/p>\n<p>Il contributo richiesto \u00e8 calcolato su base giornaliera, per singolo evento organizzato. Il tariffario dettagliato \u00e8 scaricabile <a href=\"https:\/\/iicmessico.esteri.it\/wp-content\/uploads\/2023\/08\/Tariffario-locazione-spazi-IIC-Citta-del-Messico.pdf\">cliccando <u>qui<\/u>.<\/a><\/p>\n<p>Nel canone di locazione ad uso temporaneo \u00e8 incluso il costo della vigilanza. Qualora la locazione degli spazi avvenga nei giorni feriali oltre le ore 18:00 (da luned\u00ec a venerd\u00ec) oppure nei giorni festivi (sabato e domenica), \u00e8 necessario che il locatario si faccia carico del costo di due unit\u00e0 di personale della ditta responsabile dei servizi di pulizia dell\u2019Istituto. Negli stessi orari, per l\u2019uso degli impianti nell\u2019Auditorio, il locatario dovr\u00e0 farsi carico di un corrispettivo per un tecnico dell\u2019Istituto.<\/p>\n<p>Una volta ricevuto il preventivo, il pagamento dovr\u00e0 essere effettuato preferibilmente tramite bonifico bancario.<\/p>\n","protected":false},"excerpt":{"rendered":"Concessioni ad uso temporaneo degli spazi dell\u2019Istituto italiano di cultura L\u2019Istituto italiano di cultura di Citt\u00e0 del Messico propone le seguenti prestazioni soggette a contributo (ved. dir. P.C.M. 20 dicembre 1999 e D.P.R. n. 54\/2010): \u2013 concessione ad uso temporaneo dei locali per lo svolgimento di attivit\u00e0 congressuali, culturali e scientifiche; \u2013 concessione ad uso [&hellip;]","protected":false},"author":5,"featured_media":0,"parent":66,"menu_order":0,"comment_status":"closed","ping_status":"closed","template":"","meta":{"footnotes":""},"class_list":["post-225","page","type-page","status-publish","hentry"],"_links":{"self":[{"href":"https:\/\/iicmessico.esteri.it\/it\/wp-json\/wp\/v2\/pages\/225","targetHints":{"allow":["GET"]}}],"collection":[{"href":"https:\/\/iicmessico.esteri.it\/it\/wp-json\/wp\/v2\/pages"}],"about":[{"href":"https:\/\/iicmessico.esteri.it\/it\/wp-json\/wp\/v2\/types\/page"}],"author":[{"embeddable":true,"href":"https:\/\/iicmessico.esteri.it\/it\/wp-json\/wp\/v2\/users\/5"}],"replies":[{"embeddable":true,"href":"https:\/\/iicmessico.esteri.it\/it\/wp-json\/wp\/v2\/comments?post=225"}],"version-history":[{"count":6,"href":"https:\/\/iicmessico.esteri.it\/it\/wp-json\/wp\/v2\/pages\/225\/revisions"}],"predecessor-version":[{"id":6343,"href":"https:\/\/iicmessico.esteri.it\/it\/wp-json\/wp\/v2\/pages\/225\/revisions\/6343"}],"up":[{"embeddable":true,"href":"https:\/\/iicmessico.esteri.it\/it\/wp-json\/wp\/v2\/pages\/66"}],"wp:attachment":[{"href":"https:\/\/iicmessico.esteri.it\/it\/wp-json\/wp\/v2\/media?parent=225"}],"curies":[{"name":"wp","href":"https:\/\/api.w.org\/{rel}","templated":true}]}}