{"id":260,"date":"2023-08-30T19:29:17","date_gmt":"2023-08-30T17:29:17","guid":{"rendered":"https:\/\/iicmessico.esteri.it\/?page_id=260"},"modified":"2024-05-22T01:12:21","modified_gmt":"2024-05-21T23:12:21","slug":"premio-internazionale-millumino-dimmenso","status":"publish","type":"page","link":"https:\/\/iicmessico.esteri.it\/it\/lingua-e-cultura\/premi-alla-traduzione\/premio-internazionale-millumino-dimmenso\/","title":{"rendered":"Premio Internazionale M&#8217;ILLUMINO \/ D&#8217;IMMENSO"},"content":{"rendered":"<p>Gli Istituti Italiani di Cultura di Barcellona, Buenos Aires, Caracas, Citt\u00e0 del Messico, Lima, Madrid e Montevideo, e il Laboratorio Tr\u0101d\u016bxit, con il patrocinio di Biblioteche di Roma, al fine di promuovere la traduzione e la diffusione della poesia italiana e svizzero-italiana nei paesi di lingua spagnola,<\/p>\n<h4 style=\"text-align: center;\">bandiscono la settima edizione di<\/h4>\n<h4 style=\"text-align: center;\"><strong>M\u2019ILLUMINO \/ D\u2019IMMENSO<\/strong><br \/>\n<strong>Premio Internazionale di Traduzione di Poesia dall\u2019italiano allo spagnolo<\/strong><\/h4>\n<h4><\/h4>\n<p>Il bando scade il 20 agosto 2024 alle 23:59 (GMT). Nessuna proposta sar\u00e0 ricevuta dopo tale data e ora.<\/p>\n<p><a href=\"https:\/\/iicmessico.esteri.it\/wp-content\/uploads\/2024\/05\/Bando-MIDI-spagnolo-2024-in-italiano.pdf\">Consulta qui l&#8217;ultimo bando di concorso .<\/a><\/p>\n<p>&nbsp;<\/p>\n<p>&nbsp;<\/p>\n<p>L\u2019IILA (Organizzazione internazionale italo-latino americana), gli Istituti Italiani di Cultura di Barcellona, Buenos Aires, Caracas, Citt\u00e0 del Messico, Lima, Madrid e Montevideo, e il Laboratorio Tr\u0101d\u016bxit, con il patrocinio di Biblioteche di Roma, al fine di promuovere la traduzione e la diffusione della poesia in lingua spagnola in Italia,<\/p>\n<h4 style=\"text-align: center;\">bandiscono la seconda edizione di<\/h4>\n<h4 style=\"text-align: center;\">M\u2019ILLUMINO \/ D\u2019IMMENSO<br \/>\nPremio Internazionale di Traduzione di Poesia dallo spagnolo all\u2019italiano<\/h4>\n<p>&nbsp;<\/p>\n<p>Il bando scade il 20 agosto 2024 alle 23:59 (GMT). Nessuna proposta sar\u00e0 ricevuta dopo tale data e ora.<\/p>\n<p><a href=\"https:\/\/iicmessico.esteri.it\/wp-content\/uploads\/2024\/05\/Bando-MIDI-spagnolo-2024-in-italiano.pdf\">Consulta qui l&#8217;ultimo bando di concorso .<\/a><\/p>\n<p>&nbsp;<\/p>\n<p>&nbsp;<\/p>\n","protected":false},"excerpt":{"rendered":"Gli Istituti Italiani di Cultura di Barcellona, Buenos Aires, Caracas, Citt\u00e0 del Messico, Lima, Madrid e Montevideo, e il Laboratorio Tr\u0101d\u016bxit, con il patrocinio di Biblioteche di Roma, al fine di promuovere la traduzione e la diffusione della poesia italiana e svizzero-italiana nei paesi di lingua spagnola, bandiscono la settima edizione di M\u2019ILLUMINO \/ D\u2019IMMENSO [&hellip;]","protected":false},"author":5,"featured_media":0,"parent":73,"menu_order":0,"comment_status":"closed","ping_status":"closed","template":"","meta":{"footnotes":""},"class_list":["post-260","page","type-page","status-publish","hentry"],"_links":{"self":[{"href":"https:\/\/iicmessico.esteri.it\/it\/wp-json\/wp\/v2\/pages\/260","targetHints":{"allow":["GET"]}}],"collection":[{"href":"https:\/\/iicmessico.esteri.it\/it\/wp-json\/wp\/v2\/pages"}],"about":[{"href":"https:\/\/iicmessico.esteri.it\/it\/wp-json\/wp\/v2\/types\/page"}],"author":[{"embeddable":true,"href":"https:\/\/iicmessico.esteri.it\/it\/wp-json\/wp\/v2\/users\/5"}],"replies":[{"embeddable":true,"href":"https:\/\/iicmessico.esteri.it\/it\/wp-json\/wp\/v2\/comments?post=260"}],"version-history":[{"count":6,"href":"https:\/\/iicmessico.esteri.it\/it\/wp-json\/wp\/v2\/pages\/260\/revisions"}],"predecessor-version":[{"id":3279,"href":"https:\/\/iicmessico.esteri.it\/it\/wp-json\/wp\/v2\/pages\/260\/revisions\/3279"}],"up":[{"embeddable":true,"href":"https:\/\/iicmessico.esteri.it\/it\/wp-json\/wp\/v2\/pages\/73"}],"wp:attachment":[{"href":"https:\/\/iicmessico.esteri.it\/it\/wp-json\/wp\/v2\/media?parent=260"}],"curies":[{"name":"wp","href":"https:\/\/api.w.org\/{rel}","templated":true}]}}