{"id":271,"date":"2023-09-01T19:20:23","date_gmt":"2023-09-01T17:20:23","guid":{"rendered":"https:\/\/iicmessico.esteri.it\/?page_id=271"},"modified":"2023-09-01T19:20:23","modified_gmt":"2023-09-01T17:20:23","slug":"esame-di-certificazione-cils","status":"publish","type":"page","link":"https:\/\/iicmessico.esteri.it\/it\/lingua-e-cultura\/certificazioni\/esame-di-certificazione-cils\/","title":{"rendered":"Esame di certificazione CILS"},"content":{"rendered":"<p><span class=\"titoloRosso\">Certificazione di Italiano come Lingua Straniera<\/span><\/p>\n<p><strong>Prossimo esame CILS:<\/strong>\u00a0vedere i dettagli\u00a0nella pagina in spagnolo!<\/p>\n<p><span class=\"titoloCategoria\">Esami ufficiali riconosciuti dal Governo Italiano e dal Consiglio d&#8217;Europa<\/span><br \/>\nLa CILS &#8211; Certificazione di Italiano come Lingua Straniera &#8211; \u00e8 il titolo ufficiale che dichiara il grado di competenza linguistica comunicativa in italiano come lingua straniera. La Certificazione CILS \u00e8 un titolo di studio rilasciato dall&#8217;Universit\u00e0 per Stranieri di Siena ai sensi della Legge 17 febbraio 1992 n. 204 e in conformit\u00e0 alla convenzione con il Ministero degli Affari Esteri del 12 gennaio 1993.<\/p>\n<p><span class=\"titoloCategoria\">I livelli CILS<\/span><br \/>\nI livelli CILS sono quattro: Livello UNO, Livello DUE, Livello TRE e Livello QUATTRO, che individuano una competenza linguistica e comunicativa progressivamente pi\u00f9 alta secondo i parametri previsti nel documento del Consiglio d&#8217;Europa, Modern Languages: Learning, Teaching, Assessment. A Common European Framework of Reference (1996). Per ottenere il Certificato in uno dei quattro livelli \u00e8 necessario superare un esame composto da cinque parti, con prove di ascolto, comprensione della lettura, analisi delle strutture di comunicazione, produzione scritta e produzione orale. Nel corso del 2001 saranno attivati due Livelli PRE-CILS: A1 e A2, destinati a chi ha bisogno di una attestazione della competenza in italiano L2 , anche se \u00e8 in una fase iniziale del processo di apprendimento.<\/p>\n<p><span class=\"titoloCategoria\">Destinatari<\/span><br \/>\nLa CILS \u00e8 rivolta a cittadini stranieri o italiani residenti all&#8217;estero. Per sostenere l&#8217;esame non \u00e8 necessario possedere titoli di studio particolari, n\u00e9 \u00e8 necessario aver superato un esame CILS di livello inferiore. Le prove CILS non sono legate a particolari metodi o tipi di corsi di lingua.<\/p>\n<p><span class=\"titoloCategoria\">Spendibilit\u00e0 del certificato<\/span><br \/>\nLa CILS serve a chi studia l&#8217;italiano, a chi lavora e studia in contatto con la realt\u00e0 italiana, a chi vuole misurare la propria competenza in italiano. Ogni livello della CILS attesta una capacit\u00e0 comunicativa spendibile in situazioni e contesti diversi. La spendibilit\u00e0 di ciascun livello di certificazione per gli stranieri che vogliono svolgere attivit\u00e0 in rapporto con istituzioni italiane (per le figure professionali e di studio) \u00e8 stabilita dal documento del Ministero degli Affari Esteri, Sistema coordinato delle Certificazioni dell&#8217;italiano per Stranieri, Roma, 1998.<\/p>\n<p>Il Livello UNO e il Livello DUE garantiscono la capacit\u00e0 di comunicare con autonomia nelle situazioni quotidiane.<\/p>\n<p>Il Livello DUE permette di gestire una maggior variet\u00e0 di situazioni, sempre tipiche della vita quotidiana. \u00c8 il livello che consente di iscriversi alle Universit\u00e0 italiane senza dover sostenere la prova di conoscenza della lingua italiana.<\/p>\n<p>Il Livello TRE permette di comunicare in situazioni quotidiane e anche nei rapporti formali di tipo pubblico e nei rapporti di lavoro.<\/p>\n<p>Il Livello QUATTRO attesta la competenza comunicativa che dovrebbe avere uno straniero per utilizzare la lingua italiana in ambito professionale: ad esempio \u00e8 il livello adeguato per insegnare l&#8217;italiano come L2. Molte aziende italiane che operano all&#8217;estero o che vogliono assumere personale straniero, o aziende straniere che hanno rapporti commerciali con l&#8217;Italia, richiedono ai propri dipendenti uno dei certificati CILS, in base alle funzioni lavorative che dovranno svolgere.<\/p>\n<p><span class=\"titoloCategoria\">Le prove e la valutazione<br \/>\n<\/span>Tutte le prove sono prodotte e valutate presso il Centro Certificazione dell&#8217;Universit\u00e0 per Stranieri di Siena sulla base dei parametri europei fissati nei documenti del Consiglio d&#8217;Europa. Ciascuna delle cinque abilit\u00e0 vale 20 punti. Per ogni abilit\u00e0 occorre ottenere il punteggio minimo di 11 punti. Il punteggio totale massimo ottenibile \u00e8 100 punti. Il punteggio totale minimo \u00e8 55 punti. Per ottenere la Certificazione CILS il candidato deve raggiungere il punteggio minimo in tutte le abilit\u00e0. Se il candidato raggiunge il punteggio minimo solo in alcune abilit\u00e0, il risultato ottenuto \u00e8 capitalizzabile: in un esame successivo il candidato pu\u00f2 sostenere solo le prove relative alle abilit\u00e0 non superate. Le abilit\u00e0 capitalizzate valgono per un anno dal primo esame sostenuto.<\/p>\n<p><span class=\"titoloCategoria\">Sedi e date degli esami<br \/>\n<\/span>All&#8217;estero gli esami hanno luogo presso gli Istituti Italiani di Cultura o altre sedi convenzionate. In Italia gli esami si svolgono presso l&#8217;Universit\u00e0 per Stranieri di Siena e altre sedi convenzionate. Gli esami si svolgono due volte l&#8217;anno, all&#8217;inizio di giugno e di dicembre, contemporaneamente in tutto il mondo.<\/p>\n","protected":false},"excerpt":{"rendered":"Certificazione di Italiano come Lingua Straniera Prossimo esame CILS:\u00a0vedere i dettagli\u00a0nella pagina in spagnolo! Esami ufficiali riconosciuti dal Governo Italiano e dal Consiglio d&#8217;Europa La CILS &#8211; Certificazione di Italiano come Lingua Straniera &#8211; \u00e8 il titolo ufficiale che dichiara il grado di competenza linguistica comunicativa in italiano come lingua straniera. La Certificazione CILS \u00e8 [&hellip;]","protected":false},"author":5,"featured_media":0,"parent":69,"menu_order":0,"comment_status":"closed","ping_status":"closed","template":"","meta":{"footnotes":""},"class_list":["post-271","page","type-page","status-publish","hentry"],"_links":{"self":[{"href":"https:\/\/iicmessico.esteri.it\/it\/wp-json\/wp\/v2\/pages\/271","targetHints":{"allow":["GET"]}}],"collection":[{"href":"https:\/\/iicmessico.esteri.it\/it\/wp-json\/wp\/v2\/pages"}],"about":[{"href":"https:\/\/iicmessico.esteri.it\/it\/wp-json\/wp\/v2\/types\/page"}],"author":[{"embeddable":true,"href":"https:\/\/iicmessico.esteri.it\/it\/wp-json\/wp\/v2\/users\/5"}],"replies":[{"embeddable":true,"href":"https:\/\/iicmessico.esteri.it\/it\/wp-json\/wp\/v2\/comments?post=271"}],"version-history":[{"count":1,"href":"https:\/\/iicmessico.esteri.it\/it\/wp-json\/wp\/v2\/pages\/271\/revisions"}],"predecessor-version":[{"id":272,"href":"https:\/\/iicmessico.esteri.it\/it\/wp-json\/wp\/v2\/pages\/271\/revisions\/272"}],"up":[{"embeddable":true,"href":"https:\/\/iicmessico.esteri.it\/it\/wp-json\/wp\/v2\/pages\/69"}],"wp:attachment":[{"href":"https:\/\/iicmessico.esteri.it\/it\/wp-json\/wp\/v2\/media?parent=271"}],"curies":[{"name":"wp","href":"https:\/\/api.w.org\/{rel}","templated":true}]}}