{"id":67,"date":"2023-03-07T14:39:43","date_gmt":"2023-03-07T13:39:43","guid":{"rendered":"https:\/\/iicmessico.esteri.it\/?page_id=67"},"modified":"2023-08-25T01:53:06","modified_gmt":"2023-08-24T23:53:06","slug":"contatti","status":"publish","type":"page","link":"https:\/\/iicmessico.esteri.it\/it\/chi-siamo\/contatti\/","title":{"rendered":"Contatti"},"content":{"rendered":"<p><strong>Contatti<\/strong><\/p>\n<p>Istituto italiano di Cultura di Citt\u00e1 del Messico<\/p>\n<p>Avenida Francisco Sosa 77. Alcald\u00eda Coyoac\u00e1n. C.P. 00400 Coyoac\u00e1n. Citt\u00e0 del Messico<\/p>\n<p>E-mail: <a href=\"mailto:iicmessico@esteri.it\">iicmessico@esteri.it<\/a><\/p>\n<p>Orari di apertura: luned\u00ec-venerd\u00ec, 08:00-21:00 \/ sabato 08:00-14:00<\/p>\n<p>&nbsp;<\/p>\n<p><strong>Eventi, stampa e social media<\/strong><\/p>\n<p><a href=\"mailto:addetto.iicmessico@esteri.it\">addetto.iicmessico@esteri.it<\/a><\/p>\n<p>+52 5554 0044 int. 104<\/p>\n<p>&nbsp;<\/p>\n<p><strong>Corsi di lingua e certificazioni CELI, CILS<\/strong><\/p>\n<p>tel.: +52 55 5554 0044 int. 123<\/p>\n<p>E-mail: <a href=\"mailto:cours.iicparigi@esteri.it\">cursos.iicmessico@esteri.it<\/a> \u00a0e <a href=\"mailto:corsi.iicmessico@esteri.it\">corsi.iicmessico@esteri.it<\/a><\/p>\n<p>Orari di apertura al pubblico: luned\u00ec-venerd\u00ec, 08:00-15:00. Il pomeriggio solamente su appuntamento<\/p>\n<p>&nbsp;<\/p>\n<p><strong>Segreteria<\/strong><\/p>\n<p>Tel: +52 55 5554 0044 int. 105<\/p>\n<p>Orari di apertura al pubblico: luned\u00ec-venerd\u00ec, 08:00-15:00.<\/p>\n<p><strong>\u00a0<\/strong><\/p>\n<p><strong>Biblioteca<\/strong><\/p>\n<p>tel.: +52 55 5554 0044 int. 113<\/p>\n<p>E-mail: <a href=\"mailto:biblioteca.iicmessico@esteri.it\">biblioteca.iicmessico@esteri.it<\/a><\/p>\n<p>Orari di apertura al pubblico: luned\u00ec-venerd\u00ec, 10:30-17:00<\/p>\n<p>&nbsp;<\/p>\n<p><strong>PROPOSTE DI MANIFESTAZIONI<\/strong><\/p>\n<p>Le proposte possono essere inviate all\u2019indirizzo <a href=\"mailto:iicmessico@esteri.it\">iicmessico@esteri.it<\/a>. L\u2019Istituto italiano di cultura di Citt\u00e0 del Messico ringrazia per le proposte di manifestazioni ricevute. Dato il loro alto numero, sar\u00e0 possibile dare un riscontro unicamente a quelle che risulteranno compatibili con il programma dell\u2019Istituto.<\/p>\n<p><strong>LAVORARE E EFFETTUARE UN TIROCINIO ALL\u2019ISTITUTO ITALIANO DI CULTURA E NELLA RETE DIPLOMATICO-CONSOLARE IN MESSICO<\/strong><br \/>\nLe sedi diplomatico-consolari in Messico (Ambasciata, Consolato e Istituto Italiano di Cultura assumono personale <u>unicamente tramite selezione o concorso pubblico autorizzato dal Ministero degli Affari Esteri<\/u>. Troverete gli avvisi pubblici di assunzione presso l\u2019Istituto italiano di cultura di Citt\u00e0 del Messico alla sezione <strong>Avvisi<\/strong>.<\/p>\n<p>L\u2019Istituto Italiano di Cultura pu\u00f2 accettare ormai solo i tirocinanti selezionati tramite il bando pubblicato dalla <a href=\"https:\/\/www.tirocinicrui.it\/\"><strong>Fondazione CRUI<\/strong><\/a> in seguito alla convenzione stipulata tra la CRUI stessa insieme al MIUR e il MAECI, il Ministero dal quale gli Istituti dipendono. Si tratta di un accordo entrato in vigore il 4 settembre 2017, che sostituir\u00e0 i vecchi bandi Erasmus SMT. Se la vostra Universit\u00e0 ha gi\u00e0 sottoscritto la nuova convenzione, potrete candidarvi al bando pubblicato sul sito web della <a href=\"https:\/\/www.tirocinicrui.it\/\"><strong>Fondazione CRUI<\/strong><\/a>. Per maggiori informazioni, tutti gli studenti universitari che desiderano effettuare un tirocinio presso un Istituto italiano di cultura possono consultare la <a href=\"https:\/\/www.esteri.it\/it\/ministero\/lavora-con-noi\/tirocinio_mae\/\"><strong>pagina dedicata alle opportunit\u00e0 di tirocinio presso le Sedi del Ministero degli Affari Esteri e della Cooperazione Internazionale<\/strong><\/a>.<\/p>\n<p>Nessuna domanda di assunzione o candidatura spontanea formulata al di fuori di tali avvisi\u00a0potr\u00e0 essere presa in considerazione.<\/p>\n<p>&nbsp;<\/p>\n<p>&nbsp;<\/p>\n","protected":false},"excerpt":{"rendered":"Contatti Istituto italiano di Cultura di Citt\u00e1 del Messico Avenida Francisco Sosa 77. Alcald\u00eda Coyoac\u00e1n. C.P. 00400 Coyoac\u00e1n. Citt\u00e0 del Messico E-mail: iicmessico@esteri.it Orari di apertura: luned\u00ec-venerd\u00ec, 08:00-21:00 \/ sabato 08:00-14:00 &nbsp; Eventi, stampa e social media addetto.iicmessico@esteri.it +52 5554 0044 int. 104 &nbsp; Corsi di lingua e certificazioni CELI, CILS tel.: +52 55 5554 [&hellip;]","protected":false},"author":3,"featured_media":0,"parent":21,"menu_order":4,"comment_status":"closed","ping_status":"closed","template":"","meta":{"footnotes":""},"class_list":["post-67","page","type-page","status-publish","hentry"],"_links":{"self":[{"href":"https:\/\/iicmessico.esteri.it\/it\/wp-json\/wp\/v2\/pages\/67","targetHints":{"allow":["GET"]}}],"collection":[{"href":"https:\/\/iicmessico.esteri.it\/it\/wp-json\/wp\/v2\/pages"}],"about":[{"href":"https:\/\/iicmessico.esteri.it\/it\/wp-json\/wp\/v2\/types\/page"}],"author":[{"embeddable":true,"href":"https:\/\/iicmessico.esteri.it\/it\/wp-json\/wp\/v2\/users\/3"}],"replies":[{"embeddable":true,"href":"https:\/\/iicmessico.esteri.it\/it\/wp-json\/wp\/v2\/comments?post=67"}],"version-history":[{"count":5,"href":"https:\/\/iicmessico.esteri.it\/it\/wp-json\/wp\/v2\/pages\/67\/revisions"}],"predecessor-version":[{"id":191,"href":"https:\/\/iicmessico.esteri.it\/it\/wp-json\/wp\/v2\/pages\/67\/revisions\/191"}],"up":[{"embeddable":true,"href":"https:\/\/iicmessico.esteri.it\/it\/wp-json\/wp\/v2\/pages\/21"}],"wp:attachment":[{"href":"https:\/\/iicmessico.esteri.it\/it\/wp-json\/wp\/v2\/media?parent=67"}],"curies":[{"name":"wp","href":"https:\/\/api.w.org\/{rel}","templated":true}]}}