{"id":71,"date":"2023-03-07T14:40:47","date_gmt":"2023-03-07T13:40:47","guid":{"rendered":"https:\/\/iicmessico.esteri.it\/?page_id=71"},"modified":"2024-10-07T16:41:40","modified_gmt":"2024-10-07T14:41:40","slug":"biblioteca","status":"publish","type":"page","link":"https:\/\/iicmessico.esteri.it\/it\/lingua-e-cultura\/biblioteca\/","title":{"rendered":"Biblioteca"},"content":{"rendered":"<p>La Biblioteca dell&#8217;Istituto \u00e8 temporaneamente chiusa al pubblico a causa di accurati lavori di ristrutturazione, catalogazione e aggiornamento. Presto l&#8217;Istituto sar\u00e0 lieto di poter offrire ai tanti amanti della cultura italiana una biblioteca completamente rinnovata, con nuovi servizi e nuovi acquisti per vivere e leggere la cultura italiana, in uno spazio moderno e accogliente situato al piano terra.<\/p>\n<p><strong>UNA BIBLIOTECA PER\u2026<\/strong><\/p>\n<p><strong>Per leggere ed esplorare la cultura italiana in Istituto<\/strong><\/p>\n<p>Nella nostra sala lettura, con accesso alla rete Wi-Fi, presto potrete sfogliare e leggere pi\u00f9 di 30.000 testi di teatro, arte, architettura, letteratura, con le ultime novit\u00e0 editoriali che abbiamo scelto e messo a vostra disposizione, amanti della cultura italiana. Il prestito non \u00e8 consentito, ma puoi restituirlo quante volte vuoi per continuare a leggere il tuo libro preferito.<\/p>\n<p><strong>Per le tue ricerche<\/strong><\/p>\n<p>Il fondo della Biblioteca dell&#8217;IIC conta pi\u00f9 di 30.000 volumi che comprendono testi di letteratura, storia, architettura, storia dell&#8217;arte, teatro, cinema, fotografia, gastronomia, musica, poesia e libri per bambini.<\/p>\n<p>Il catalogo completo \u00e8 disponibile all&#8217;indirizzo <a href=\"https:\/\/iic.infoteca.it\/cittadelmessico\/ricerca\/novita\">BIBLIOWin (infoteca.it)<\/a><\/p>\n<p>Se per qualche interesse particolare desideri consultare un libro specifico non presente nella nostra Biblioteca, ma comunque disponibile nel catalogo dell&#8217;editore, scrivi a: biblioteca.iicmessico@esteri.it. Se possibile, risponderemo alla tua richiesta e acquisteremo il libro richiesto.<\/p>\n<p>&nbsp;<\/p>\n<p><strong>DONATIVO DI LIBRI<\/strong><\/p>\n<p>La biblioteca cresce anche grazie a te! Se possiedi dei libri italiani e vuoi dar loro una nuova casa affinch\u00e9 altri possa leggerli e consultarli, contattaci. La Biblioteca dell\u2019Istituto accetta donazioni di libri (non scolastici), di raccolte e di fondi interi per arricchire cosi le proprie collezioni.<\/p>\n<p>Come fare \u00e8 semplice! Invia un\u2019email a <a href=\"mailto:biblioteca.iicmessico@esteri.it\">biblioteca.iicmessico@esteri.it<\/a> con l\u2019elenco del materiale che vuoi donare alla biblioteca o una sua descrizione sommaria. Ricorda che se doni, rinunci ad ogni diritto sul materiale e a richiederne la restituzione.<\/p>\n<p>I doni sono in gran parte utilizzati per incrementare il patrimonio della biblioteca, mentre il materiale gi\u00e0 posseduto o considerato non pertinente alle collezioni gi\u00e0 presenti viene destinato ad altre biblioteche, ad istituzioni e associazioni, sempre per utili scopi ed uso pubblico.<\/p>\n<p>C\u2019\u00e8 una cosa che manca sempre in una biblioteca: lo spazio. La biblioteca ha la massima discrezionalit\u00e0 nel definire modalit\u00e0 di gestione e conservazione del materiale donato; i documenti ricevuti possono essere soggetti a scarto qualora non rispondano pi\u00f9 a esigenze di circolazione o conservazione.<\/p>\n<p>&nbsp;<\/p>\n<p><strong>ORARI DI APERTURA DELLA SALA LETTURA<\/strong><\/p>\n<p>Fino a nuovo avviso la sala lettura \u00e8 temporaneamente chiusa per lavori di ristrutturazione.<\/p>\n<p>La capienza massima della sala lettura \u00e8 di 10 persone.<\/p>\n<p>Si consiglia di consultare sempre il nostro sito per confermare eventuali modifiche nei giorni\/orari di apertura.<\/p>\n","protected":false},"excerpt":{"rendered":"La Biblioteca dell&#8217;Istituto \u00e8 temporaneamente chiusa al pubblico a causa di accurati lavori di ristrutturazione, catalogazione e aggiornamento. Presto l&#8217;Istituto sar\u00e0 lieto di poter offrire ai tanti amanti della cultura italiana una biblioteca completamente rinnovata, con nuovi servizi e nuovi acquisti per vivere e leggere la cultura italiana, in uno spazio moderno e accogliente situato [&hellip;]","protected":false},"author":3,"featured_media":0,"parent":26,"menu_order":10,"comment_status":"closed","ping_status":"closed","template":"","meta":{"footnotes":""},"class_list":["post-71","page","type-page","status-publish","hentry"],"_links":{"self":[{"href":"https:\/\/iicmessico.esteri.it\/it\/wp-json\/wp\/v2\/pages\/71","targetHints":{"allow":["GET"]}}],"collection":[{"href":"https:\/\/iicmessico.esteri.it\/it\/wp-json\/wp\/v2\/pages"}],"about":[{"href":"https:\/\/iicmessico.esteri.it\/it\/wp-json\/wp\/v2\/types\/page"}],"author":[{"embeddable":true,"href":"https:\/\/iicmessico.esteri.it\/it\/wp-json\/wp\/v2\/users\/3"}],"replies":[{"embeddable":true,"href":"https:\/\/iicmessico.esteri.it\/it\/wp-json\/wp\/v2\/comments?post=71"}],"version-history":[{"count":7,"href":"https:\/\/iicmessico.esteri.it\/it\/wp-json\/wp\/v2\/pages\/71\/revisions"}],"predecessor-version":[{"id":4144,"href":"https:\/\/iicmessico.esteri.it\/it\/wp-json\/wp\/v2\/pages\/71\/revisions\/4144"}],"up":[{"embeddable":true,"href":"https:\/\/iicmessico.esteri.it\/it\/wp-json\/wp\/v2\/pages\/26"}],"wp:attachment":[{"href":"https:\/\/iicmessico.esteri.it\/it\/wp-json\/wp\/v2\/media?parent=71"}],"curies":[{"name":"wp","href":"https:\/\/api.w.org\/{rel}","templated":true}]}}