{"id":73,"date":"2023-03-07T14:40:59","date_gmt":"2023-03-07T13:40:59","guid":{"rendered":"https:\/\/iicmessico.esteri.it\/?page_id=73"},"modified":"2025-03-07T17:33:24","modified_gmt":"2025-03-07T16:33:24","slug":"premi-alla-traduzione","status":"publish","type":"page","link":"https:\/\/iicmessico.esteri.it\/it\/lingua-e-cultura\/premi-alla-traduzione\/","title":{"rendered":"Premi alla traduzione"},"content":{"rendered":"<p><strong>Il Ministero degli Affari Esteri e della Cooperazione Internazionale<\/strong> promuove la diffusione di opere editoriali e cinematografiche italiane all\u2019estero attraverso l\u2019erogazione di <strong>incentivi alla traduzione e al doppiaggio\/sottotitolatura<\/strong> che rappresentano uno strumento strategico per la promozione della lingua e della cultura italiana all\u2019estero.<strong>\u00a0<\/strong><\/p>\n<p>Per informazioni sugli ultimi bandi disponibili <a href=\"https:\/\/iicmessico.esteri.it\/wp-content\/uploads\/2025\/03\/2025-Bando-Premi-e-Contributi-IT_Firmato.pdf\"><u>clicca qui<\/u><strong>\u00a0<\/strong><\/a><\/p>\n<p><strong>***<\/strong><\/p>\n<p><strong>L&#8217;Istituto Italiano di Cultura di Citt\u00e0 del Messico, l&#8217;Ambasciata di Svizzera in Messico e il Laboratorio Tr\u0101d\u016bxit<\/strong>, con il patrocinio delle Biblioteche di Roma e dell&#8217;Istituto di Studi Italiani dell&#8217;Universit\u00e0 di Basilea, promuovono il premio per la traduzione di poesia dall&#8217;italiano allo spagnolo <strong>&#8220;M&#8217;illumino d&#8217;immenso&#8221;.<\/strong><\/p>\n<p>Per maggiori informazioni sull&#8217;ultima edizione del premio <a href=\"https:\/\/iicmessico.esteri.it\/it\/lingua-e-cultura\/premi-alla-traduzione\/premio-internazionale-millumino-dimmenso\/\"><u>clicca qui<\/u><\/a> .<strong>\u00a0<\/strong><\/p>\n<p><strong>***<\/strong><strong>\u00a0<\/strong><\/p>\n<p>Il <strong>Ministero della Cultura \u2013 DG Biblioteche e Istituti culturali<\/strong> indice un bando di concorso per la concessione di premi per le traduzioni da finanziare con il Fondo per il potenziamento della cultura e della lingua italiana all\u2019estero, istituito ai sensi della Legge 11 dicembre 2016 n. 232.<\/p>\n<p>Per informazioni sugli ultimi bandi disponibili <u>clicca qui<\/u><\/p>\n<p>&nbsp;<\/p>\n","protected":false},"excerpt":{"rendered":"Il Ministero degli Affari Esteri e della Cooperazione Internazionale promuove la diffusione di opere editoriali e cinematografiche italiane all\u2019estero attraverso l\u2019erogazione di incentivi alla traduzione e al doppiaggio\/sottotitolatura che rappresentano uno strumento strategico per la promozione della lingua e della cultura italiana all\u2019estero.\u00a0 Per informazioni sugli ultimi bandi disponibili clicca qui\u00a0 *** L&#8217;Istituto Italiano di [&hellip;]","protected":false},"author":3,"featured_media":0,"parent":26,"menu_order":12,"comment_status":"closed","ping_status":"closed","template":"","meta":{"footnotes":""},"class_list":["post-73","page","type-page","status-publish","hentry"],"_links":{"self":[{"href":"https:\/\/iicmessico.esteri.it\/it\/wp-json\/wp\/v2\/pages\/73","targetHints":{"allow":["GET"]}}],"collection":[{"href":"https:\/\/iicmessico.esteri.it\/it\/wp-json\/wp\/v2\/pages"}],"about":[{"href":"https:\/\/iicmessico.esteri.it\/it\/wp-json\/wp\/v2\/types\/page"}],"author":[{"embeddable":true,"href":"https:\/\/iicmessico.esteri.it\/it\/wp-json\/wp\/v2\/users\/3"}],"replies":[{"embeddable":true,"href":"https:\/\/iicmessico.esteri.it\/it\/wp-json\/wp\/v2\/comments?post=73"}],"version-history":[{"count":6,"href":"https:\/\/iicmessico.esteri.it\/it\/wp-json\/wp\/v2\/pages\/73\/revisions"}],"predecessor-version":[{"id":4879,"href":"https:\/\/iicmessico.esteri.it\/it\/wp-json\/wp\/v2\/pages\/73\/revisions\/4879"}],"up":[{"embeddable":true,"href":"https:\/\/iicmessico.esteri.it\/it\/wp-json\/wp\/v2\/pages\/26"}],"wp:attachment":[{"href":"https:\/\/iicmessico.esteri.it\/it\/wp-json\/wp\/v2\/media?parent=73"}],"curies":[{"name":"wp","href":"https:\/\/api.w.org\/{rel}","templated":true}]}}